{"id":5446,"date":"2023-10-11T06:45:07","date_gmt":"2023-10-11T06:45:07","guid":{"rendered":"https:\/\/zspilica.pl\/?page_id=5446"},"modified":"2025-09-16T06:14:26","modified_gmt":"2025-09-16T06:14:26","slug":"egzamin-maturalny","status":"publish","type":"page","link":"https:\/\/zspilica.pl\/index.php\/uczniowie\/egzamin-maturalny\/","title":{"rendered":"Egzamin maturalny"},"content":{"rendered":"<ul>\n<li><a id=\"OWA61b04977-f937-ddf4-cfb9-739229d3a255\" class=\"x_OWAAutoLink\" title=\"https:\/\/zspilica.pl\/wp-content\/uploads\/2024\/09\/20240820-EM-2025-Informacja-w_FIN.pdf\" href=\"https:\/\/zspilica.pl\/wp-content\/uploads\/2025\/09\/20250820-EM-2026-Informacja.pdf\" data-auth=\"NotApplicable\" data-linkindex=\"0\" data-olk-copy-source=\"MessageBody\">Spos\u00f3b organizacji i przeprowadzania egzaminu maturalnego w roku szkolnym 2025\/2026.<\/a><\/li>\n<li><a href=\"https:\/\/zspilica.pl\/wp-content\/uploads\/2024\/09\/zmianny_2025.pdf\">Zmiany w egzaminie maturalnym 2025\/2026<\/a><\/li>\n<li><a href=\"https:\/\/zspilica.pl\/wp-content\/uploads\/2025\/09\/20250820-Adres-ZIU-2026.pdf\">Deklaracja elektroniczna.<\/a><\/li>\n<li><a href=\"https:\/\/zspilica.pl\/wp-content\/uploads\/2025\/09\/20250820-E8-EM-Komunikat-o-harmonogramie-2026.pdf\">Harmonogram egzaminu maturalnego 2025\/2026<\/a><\/li>\n<li><a href=\"https:\/\/zspilica.pl\/wp-content\/uploads\/2025\/09\/20250820-EM-Komunikat-o-dostosowaniach-2026.pdf\">Dostosowania warunk\u00f3w i form przeprowadzania egzaminu maturalnego 2025\/26.<\/a><\/li>\n<li><a href=\"https:\/\/zspilica.pl\/wp-content\/uploads\/2025\/09\/JEZYK-POLSKI_Zadania-jawne-na-2026-r._2027-r.-i-2028-r.-_KOMUNIKAT.pdf\">J\u0119zyk polski &#8211; lista jawnych zada\u0144 w cz\u0119\u015bci ustnej j\u0119zyka polskiego 2025\/2026<\/a><\/li>\n<li><a href=\"https:\/\/zspilica.pl\/wp-content\/uploads\/2025\/09\/20250820-Ortografia-na-egzaminach.pdf\">Ortografia na egzaminie<\/a><\/li>\n<\/ul>\n","protected":false},"excerpt":{"rendered":"<p>Spos\u00f3b organizacji i przeprowadzania egzaminu maturalnego w roku szkolnym 2025\/2026. Zmiany w egzaminie maturalnym 2025\/2026 Deklaracja elektroniczna. Harmonogram egzaminu maturalnego 2025\/2026 Dostosowania warunk\u00f3w i form przeprowadzania egzaminu maturalnego 2025\/26. J\u0119zyk polski &#8211; lista jawnych zada\u0144 w cz\u0119\u015bci ustnej j\u0119zyka polskiego 2025\/2026 Ortografia na egzaminie<\/p>\n","protected":false},"author":3,"featured_media":0,"parent":3697,"menu_order":0,"comment_status":"closed","ping_status":"closed","template":"","meta":{"ngg_post_thumbnail":0,"footnotes":""},"class_list":["post-5446","page","type-page","status-publish","hentry"],"_links":{"self":[{"href":"https:\/\/zspilica.pl\/index.php\/wp-json\/wp\/v2\/pages\/5446","targetHints":{"allow":["GET"]}}],"collection":[{"href":"https:\/\/zspilica.pl\/index.php\/wp-json\/wp\/v2\/pages"}],"about":[{"href":"https:\/\/zspilica.pl\/index.php\/wp-json\/wp\/v2\/types\/page"}],"author":[{"embeddable":true,"href":"https:\/\/zspilica.pl\/index.php\/wp-json\/wp\/v2\/users\/3"}],"replies":[{"embeddable":true,"href":"https:\/\/zspilica.pl\/index.php\/wp-json\/wp\/v2\/comments?post=5446"}],"version-history":[{"count":32,"href":"https:\/\/zspilica.pl\/index.php\/wp-json\/wp\/v2\/pages\/5446\/revisions"}],"predecessor-version":[{"id":7869,"href":"https:\/\/zspilica.pl\/index.php\/wp-json\/wp\/v2\/pages\/5446\/revisions\/7869"}],"up":[{"embeddable":true,"href":"https:\/\/zspilica.pl\/index.php\/wp-json\/wp\/v2\/pages\/3697"}],"wp:attachment":[{"href":"https:\/\/zspilica.pl\/index.php\/wp-json\/wp\/v2\/media?parent=5446"}],"curies":[{"name":"wp","href":"https:\/\/api.w.org\/{rel}","templated":true}]}}