{"id":3808,"date":"2022-07-27T09:21:33","date_gmt":"2022-07-27T09:21:33","guid":{"rendered":"https:\/\/zspilica.pl\/?page_id=3808"},"modified":"2025-09-29T11:48:39","modified_gmt":"2025-09-29T11:48:39","slug":"kontakt","status":"publish","type":"page","link":"https:\/\/zspilica.pl\/index.php\/kontakt\/","title":{"rendered":"Kontakt"},"content":{"rendered":"\t\t<div data-elementor-type=\"wp-page\" data-elementor-id=\"3808\" class=\"elementor elementor-3808\" data-elementor-settings=\"[]\">\n\t\t\t\t\t\t\t<div class=\"elementor-section-wrap\">\n\t\t\t\t\t\t\t<section class=\"elementor-section elementor-top-section elementor-element elementor-element-72e42cf5 elementor-section-boxed elementor-section-height-default elementor-section-height-default\" data-id=\"72e42cf5\" data-element_type=\"section\">\n\t\t\t\t\t\t<div class=\"elementor-container elementor-column-gap-default\">\n\t\t\t\t\t<div class=\"elementor-column elementor-col-100 elementor-top-column elementor-element elementor-element-33b4681d\" data-id=\"33b4681d\" data-element_type=\"column\">\n\t\t\t<div class=\"elementor-widget-wrap elementor-element-populated\">\n\t\t\t\t\t\t\t\t<div class=\"elementor-element elementor-element-2cd00a4b elementor-invisible elementor-widget elementor-widget-text-editor\" data-id=\"2cd00a4b\" data-element_type=\"widget\" data-settings=\"{&quot;motion_fx_motion_fx_scrolling&quot;:&quot;yes&quot;,&quot;motion_fx_range&quot;:&quot;viewport&quot;,&quot;_animation&quot;:&quot;slideInDown&quot;,&quot;motion_fx_devices&quot;:[&quot;desktop&quot;,&quot;tablet&quot;,&quot;mobile&quot;]}\" data-widget_type=\"text-editor.default\">\n\t\t\t\t<div class=\"elementor-widget-container\">\n\t\t\t<style>\/*! elementor - v3.5.6 - 28-02-2022 *\/\n.elementor-widget-text-editor.elementor-drop-cap-view-stacked .elementor-drop-cap{background-color:#818a91;color:#fff}.elementor-widget-text-editor.elementor-drop-cap-view-framed .elementor-drop-cap{color:#818a91;border:3px solid;background-color:transparent}.elementor-widget-text-editor:not(.elementor-drop-cap-view-default) .elementor-drop-cap{margin-top:8px}.elementor-widget-text-editor:not(.elementor-drop-cap-view-default) .elementor-drop-cap-letter{width:1em;height:1em}.elementor-widget-text-editor .elementor-drop-cap{float:left;text-align:center;line-height:1;font-size:50px}.elementor-widget-text-editor .elementor-drop-cap-letter{display:inline-block}<\/style>\t\t\t\t<p style=\"text-align: center;\"><span style=\"font-size: 18pt;\"><big><strong>ZESP\u00d3\u0141 SZK\u00d3\u0141 W PILICY<\/strong><br><strong>UL. ZAMKOWA 7<\/strong><br><strong>42- 436 PILICA<\/strong><\/big><\/span><\/p>\n<p style=\"text-align: center;\">Tel&nbsp; : &nbsp;( 32 ) 67 35 192<br><big>Fax : &nbsp;( 32 ) 67 35 192<\/big><br><big><br>NIP: 649-21-88-595<\/big><\/p>\n<p style=\"text-align: center;\">e-mail szko\u0142y: <a href=\"mailto:sekretariat@zspilica.pl\">sekretariat@zspilica.pl<\/a><\/p>\n<p style=\"text-align: center;\"><strong>Adres skrzynki ePUAP<\/strong><br>\/ZSPilica\/SkrytkaESP<\/p>\n<p style=\"text-align: center;\"><strong>Adres e-Dor\u0119czenia<\/strong><br>AE:PL-77580-20979-IEEIW-34<\/p>\n<p style=\"text-align: center;\"><strong style=\"background-color: transparent; color: #993366; font-size: 14pt;\">Dyrektor Zespo\u0142u Szk\u00f3\u0142 w Pilicy<\/strong><\/p>\n<p style=\"text-align: center;\"><big><strong>Godziny przyj\u0119\u0107 interesant\u00f3w:<\/strong><\/big><\/p>\n<p style=\"text-align: center;\">poniedzia\u0142ek &#8211; pi\u0105tek&nbsp; 7:00 &#8211; 15:00<br><br><\/p>\t\t\t\t\t\t<\/div>\n\t\t\t\t<\/div>\n\t\t\t\t\t<\/div>\n\t\t<\/div>\n\t\t\t\t\t\t\t<\/div>\n\t\t<\/section>\n\t\t\t\t<section class=\"elementor-section elementor-top-section elementor-element elementor-element-2974150 elementor-section-boxed elementor-section-height-default elementor-section-height-default\" data-id=\"2974150\" data-element_type=\"section\">\n\t\t\t\t\t\t<div class=\"elementor-container elementor-column-gap-default\">\n\t\t\t\t\t<div class=\"elementor-column elementor-col-100 elementor-top-column elementor-element elementor-element-6cfc921\" data-id=\"6cfc921\" data-element_type=\"column\">\n\t\t\t<div class=\"elementor-widget-wrap elementor-element-populated\">\n\t\t\t\t\t\t\t\t<div class=\"elementor-element elementor-element-4ed880d elementor-invisible elementor-widget elementor-widget-google_maps\" data-id=\"4ed880d\" data-element_type=\"widget\" data-settings=\"{&quot;motion_fx_motion_fx_scrolling&quot;:&quot;yes&quot;,&quot;_animation&quot;:&quot;bounceIn&quot;,&quot;motion_fx_devices&quot;:[&quot;desktop&quot;,&quot;tablet&quot;,&quot;mobile&quot;]}\" data-widget_type=\"google_maps.default\">\n\t\t\t\t<div class=\"elementor-widget-container\">\n\t\t\t<style>\/*! elementor - v3.5.6 - 28-02-2022 *\/\n.elementor-widget-google_maps .elementor-widget-container{overflow:hidden}.elementor-widget-google_maps iframe{height:300px}<\/style>\t\t<div class=\"elementor-custom-embed\">\n\t\t\t<iframe frameborder=\"0\" scrolling=\"no\" marginheight=\"0\" marginwidth=\"0\"\n\t\t\t\t\tsrc=\"https:\/\/maps.google.com\/maps?q=Pilica%20ul.%20zamkowa%207&#038;t=m&#038;z=13&#038;output=embed&#038;iwloc=near\"\n\t\t\t\t\ttitle=\"Pilica ul. zamkowa 7\"\n\t\t\t\t\taria-label=\"Pilica ul. zamkowa 7\"\n\t\t\t><\/iframe>\n\t\t<\/div>\n\t\t\t\t<\/div>\n\t\t\t\t<\/div>\n\t\t\t\t\t<\/div>\n\t\t<\/div>\n\t\t\t\t\t\t\t<\/div>\n\t\t<\/section>\n\t\t\t\t\t\t<\/div>\n\t\t\t\t\t<\/div>\n\t\t","protected":false},"excerpt":{"rendered":"<p>ZESP\u00d3\u0141 SZK\u00d3\u0141 W PILICYUL. ZAMKOWA 742- 436 PILICA Tel&nbsp; : &nbsp;( 32 ) 67 35 192Fax : &nbsp;( 32 ) 67 35 192NIP: 649-21-88-595 e-mail szko\u0142y: sekretariat@zspilica.pl Adres skrzynki ePUAP\/ZSPilica\/SkrytkaESP Adres e-Dor\u0119czeniaAE:PL-77580-20979-IEEIW-34 Dyrektor Zespo\u0142u Szk\u00f3\u0142 w Pilicy Godziny przyj\u0119\u0107 interesant\u00f3w: poniedzia\u0142ek &#8211; pi\u0105tek&nbsp; 7:00 &#8211; 15:00<\/p>\n","protected":false},"author":3,"featured_media":0,"parent":0,"menu_order":0,"comment_status":"closed","ping_status":"closed","template":"","meta":{"ngg_post_thumbnail":0,"footnotes":""},"class_list":["post-3808","page","type-page","status-publish","hentry"],"_links":{"self":[{"href":"https:\/\/zspilica.pl\/index.php\/wp-json\/wp\/v2\/pages\/3808","targetHints":{"allow":["GET"]}}],"collection":[{"href":"https:\/\/zspilica.pl\/index.php\/wp-json\/wp\/v2\/pages"}],"about":[{"href":"https:\/\/zspilica.pl\/index.php\/wp-json\/wp\/v2\/types\/page"}],"author":[{"embeddable":true,"href":"https:\/\/zspilica.pl\/index.php\/wp-json\/wp\/v2\/users\/3"}],"replies":[{"embeddable":true,"href":"https:\/\/zspilica.pl\/index.php\/wp-json\/wp\/v2\/comments?post=3808"}],"version-history":[{"count":39,"href":"https:\/\/zspilica.pl\/index.php\/wp-json\/wp\/v2\/pages\/3808\/revisions"}],"predecessor-version":[{"id":7917,"href":"https:\/\/zspilica.pl\/index.php\/wp-json\/wp\/v2\/pages\/3808\/revisions\/7917"}],"wp:attachment":[{"href":"https:\/\/zspilica.pl\/index.php\/wp-json\/wp\/v2\/media?parent=3808"}],"curies":[{"name":"wp","href":"https:\/\/api.w.org\/{rel}","templated":true}]}}