{"id":3704,"date":"2022-07-08T11:30:34","date_gmt":"2022-07-08T11:30:34","guid":{"rendered":"https:\/\/zspilica.pl\/?page_id=3704"},"modified":"2022-08-17T11:34:04","modified_gmt":"2022-08-17T11:34:04","slug":"zjazd-absolwentow","status":"publish","type":"page","link":"https:\/\/zspilica.pl\/index.php\/zjazd-absolwentow\/","title":{"rendered":"Zjazd absolwent\u00f3w"},"content":{"rendered":"<div>\n<p><big>Szanowni Pa\u0144stwo, ani si\u0119 obejrzeli\u015bmy, jak min\u0119\u0142o dziesi\u0119\u0107 lat od ostatniego zjazdu absolwent\u00f3w pilickiego Liceum. W tym roku obchodzimy 60 lat jego istnienia- jest to wa\u017cny , ale i mi\u0142y pow\u00f3d do ponownego spotkania si\u0119 w sobotnie popo\u0142udnie 18 czerwca. Z okazji jubileuszu przygotowujemy publikacj\u0119 nieco inn\u0105 ni\u017c ta sprzed dziesi\u0119ciu lat. \u201eLiceum pilickie \u2013 przesz\u0142o\u015b\u0107 i tera\u017aniejszo\u015b\u0107\u201d \u2013roboczy tytu\u0142 wskazuje na jej charakter. Chcemy przypomnie\u0107 nasz\u0105 szko\u0142\u0119 sprzed lat i pokaza\u0107 jej dzie\u0144 dzisiejszy. Pr\u00f3bujemy ogarn\u0105\u0107 w niej histori\u0119 Liceum, dawniej \u201ebezimiennego\u201d, dzisiaj nosz\u0105cego imi\u0119 Kr\u00f3lowej El\u017cbiety z Pilczy. W naszej publikacji chcemy utrwali\u0107 w pami\u0119ci ten szczeg\u00f3lny w \u017cyciu szko\u0142y dzie\u0144 nadania jej imienia, przybli\u017cy\u0107 posta\u0107 jej patronki, zwi\u0105zanej tak mocno z dziejami Pilicy i Polski. Mamy te\u017c zamiar odtworzy\u0107 niekt\u00f3re fakty z bogatej historii Liceum, np. dzia\u0142ania piliczan, kt\u00f3re doprowadzi\u0142y do powstania szko\u0142y og\u00f3lnokszta\u0142c\u0105cej oraz internatu. Korzystamy m.in. z ciekawego materia\u0142u faktograficznego udost\u0119pnionego przez absolwentk\u0119 naszej szko\u0142y, pani\u0105 Gra\u017cyn\u0119 Latacz. Zr\u0119bem publikacji jest jednak rozdzia\u0142, w kt\u00f3rym \u2013wykorzystuj\u0105c nades\u0142ane zdj\u0119cia- poka\u017cemy szko\u0142\u0119 dawniej i wsp\u00f3\u0142cze\u015bnie. Fotografie z r\u00f3\u017cnych lat postaramy si\u0119 tak zestawi\u0107, by stanowi\u0142y ilustracj\u0119 s\u0142\u00f3w Byrona \u201eTu zasz\u0142a zmiana w scenach mojego widzenia\u201d. Naszym zamiarem jest uchwyci\u0107 zmiany nie tylko w wygl\u0105dzie budynku szko\u0142y, jego otoczenia, wyposa\u017cenia sal i pracowni, ale przede wszystkim w szkolnej obyczajowo\u015bci, wygl\u0105dzie uczni\u00f3w, sposobie urz\u0105dzania studni\u00f3wek, uroczysto\u015bci szkolnych, imprez \u015brodowiskowych\u2026 Nie ukrywamy, \u017ce ta cz\u0119\u015b\u0107 ksi\u0105\u017cki jest ci\u0105gle \u201ein statu nascendi\u201d- w trakcie dziania si\u0119. Ci\u0105gle otrzymujemy nowe zdj\u0119cia (fascynuj\u0105ce!).Spieramy si\u0119 , kt\u00f3re wybra\u0107 i opatrzy\u0107 wspomnieniowym komentarzem. Czego nam brakuje? Fotografii przedstawiaj\u0105cych pracownie: techniczn\u0105 prof. \u017by\u0142ki( b\u0105d\u017a tajemniczego zaplecza!), pracowni fizycznej oraz zdj\u0119\u0107 ilustruj\u0105cych \u017cycie w internacie \u2013 to oficjalne i nieco mniej oficjalne. Za wszystkie uwagi, wspomnienia, refleksje i zdj\u0119cia przes\u0142ane na adres zspilica@o2.pl b\u0119dziemy bardzo wdzi\u0119czni. Alicja Barczyk, Iwona Kura\u015b <\/big><\/p>\n<div>&nbsp;<\/div>\n<div class=\"PostMetadataHeader\"><big>60 lat min\u0119\u0142o\u2026<\/big><\/div>\n<div>&nbsp;<\/div>\n<p><big>W tym roku pilickie liceum obchodzi jubileusz 60-lecia. 60 lat to ma\u0142o i du\u017co. Ma\u0142o, je\u015bli we\u017amiemy pod uwag\u0119 histori\u0119 o\u015bwiaty w Pilicy, kt\u00f3ra si\u0119ga pocz\u0105tk\u00f3w XV w. i liczy sobie ponad 600 lat. Dotyczy ona g\u0142\u00f3wnie dzia\u0142alno\u015bci szko\u0142y podstawowej. W ci\u0105gu tych sze\u015bciu wiek\u00f3w pilickie szkolnictwo by\u0142o g\u0142\u00f3wnie ko\u015bcielne. Prze\u017cywa\u0142o tak\u017ce wzloty i upadki. R\u00f3wnie\u017c i piliczanie r\u00f3\u017cnie podchodzili do nauki. W XV w. ch\u0119tnie z niej korzystali, o czym mo\u017ce \u015bwiadczy\u0107 ca\u0142kiem spora ich liczba na Akademii Krakowskiej. Potem by\u0142o nieco gorzej, ale szko\u0142a funkcjonowa\u0142a nieprzerwanie, nawet w okresie zabor\u00f3w i II wojny \u015bwiatowej. Pocz\u0105tki szkolnictwa \u015bredniego w Pilicy to prawdopodobnie rok 1917, gdy powsta\u0142o prywatne Progimnazjum Og\u00f3lnokszta\u0142c\u0105ce. Zlikwidowano je dosy\u0107 szybko \u2013 po 3 latach dzia\u0142alno\u015bci \u2013 z powodu zbyt du\u017cego czesnego. Obecne Liceum Og\u00f3lnokszta\u0142c\u0105ce zacz\u0119\u0142o dzia\u0142a\u0107 1.09.1956 r. jako Szko\u0142a Og\u00f3lnokszta\u0142c\u0105ca Stopnia Podstawowego i Licealnego, a od 1.09.1967 r. oddzieli\u0142o si\u0119 od szko\u0142y podstawowej i rozpocz\u0119\u0142o samodzieln\u0105 dzia\u0142alno\u015b\u0107. Jednak do 2006 r. obydwie instytucje funkcjonowa\u0142y w tym samym budynku. Przez wiele lat szko\u0142a by\u0142a w pewnym sensie wyj\u0105tkowa \u2013 by\u0142o to bowiem jedno z nielicznych w Polsce lice\u00f3w wiejskich. Sytuacja zmieni\u0142a si\u0119 dopiero po przywr\u00f3ceniu Pilicy praw miejskich w 1994 r. Du\u017co, je\u015bli u\u015bwiadomimy sobie, ilu uczni\u00f3w opu\u015bci\u0142o progi tej szko\u0142y w ci\u0105gu tych minionych 60. lat. A grupa absolwent\u00f3w jest ca\u0142kiem poka\u017ana \u2013 to oko\u0142o 3 tysi\u0119cy ludzi! Dzi\u015b s\u0105 oni nie tylko doro\u015bli, ale i dojrzali. Ka\u017cdy z nich wyposa\u017cony tu zosta\u0142 w wiedz\u0119, kt\u00f3ra zaprocentowa\u0142a w r\u00f3\u017cny spos\u00f3b. Wielu absolwent\u00f3w zrobi\u0142o kariery. Znajdziemy w\u015br\u00f3d nich wyk\u0142adowc\u00f3w wy\u017cszych uczelni z r\u00f3\u017cnymi tytu\u0142ami naukowymi, np. Uniwersytetu \u015al\u0105skiego, Jagiello\u0144skiego, KUL \u2013u. Lekarzy specjalist\u00f3w z r\u00f3\u017cnych dziedzin pracuj\u0105cych w klinikach, szpitalach, przychodniach. Nauczycieli r\u00f3\u017cnych przedmiot\u00f3w pracuj\u0105cych w przedszkolach, szko\u0142ach podstawowych, gimnazjach, szko\u0142ach \u015brednich. Wystarczy spojrze\u0107 na kadr\u0119 w szko\u0142ach naszej gminy &#8211; wi\u0119kszo\u015b\u0107 z nich to absolwenci pilickiego liceum. Dodajmy do tego prawnik\u00f3w, pracownik\u00f3w administracji publicznej, pracownik\u00f3w s\u0142u\u017cby zdrowia, ksi\u0119\u017cy, prywatnych przedsi\u0119biorc\u00f3w, ekonomist\u00f3w i wielu, wielu innych\u2026 Du\u017co, je\u015bli we\u017amiemy pod uwag\u0119 ilo\u015b\u0107 wspomnie\u0144 zwi\u0105zanych t\u0105 szko\u0142\u0105. Ka\u017cdy z kolejnych rocznik\u00f3w to kopalnia opowie\u015bci o tym, co tu prze\u017cyli, pobieraj\u0105c nauki. Te wspomnienia dotycz\u0105 nauki, nauczycieli, starego budynku szko\u0142y. A wiadomo nie od dzi\u015b, \u017ce wspomnienia s\u0105 najcenniejsze i \u201ezawsze bez wad\u201d. Du\u017co, je\u015bli spojrzymy na list\u0119 pracuj\u0105cych tu w ci\u0105gu tych 60. lat nauczycieli. A o wielu z nich ich byli uczniowie mogliby opowiada\u0107, opowiada\u0107\u2026 Wielu z nich to postacie \u2013 legendy, o kt\u00f3rych zapomnie\u0107 si\u0119 nie da, kt\u00f3rzy ci\u0105gle \u017cyj\u0105 we wspomnieniach swoich uczni\u00f3w. To nauczyciele, kt\u00f3rzy tworzyli histori\u0119 tej szko\u0142y, wpisuj\u0105c si\u0119 w ni\u0105 na trwa\u0142e i, jak twierdz\u0105 absolwenci, bez nich nie by\u0142oby tego liceum. Maria Lepiarczyk<\/big><\/p>\n<p style=\"text-align: center;\"><a href=\"https:\/\/zspilica.pl\/old\/zjazd.html\"><span style=\"color: #ff0000; font-size: 14pt;\">RELACJA<\/span><\/a><\/p>\n<\/div>\n","protected":false},"excerpt":{"rendered":"<p>Szanowni Pa\u0144stwo, ani si\u0119 obejrzeli\u015bmy, jak min\u0119\u0142o dziesi\u0119\u0107 lat od ostatniego zjazdu absolwent\u00f3w pilickiego Liceum. W tym roku obchodzimy 60 lat jego istnienia- jest to wa\u017cny , ale i mi\u0142y pow\u00f3d do ponownego spotkania si\u0119 w sobotnie popo\u0142udnie 18 czerwca. Z okazji jubileuszu przygotowujemy publikacj\u0119 nieco inn\u0105 ni\u017c ta sprzed [&hellip;]<\/p>\n","protected":false},"author":3,"featured_media":0,"parent":0,"menu_order":0,"comment_status":"closed","ping_status":"closed","template":"","meta":{"ngg_post_thumbnail":0,"footnotes":""},"class_list":["post-3704","page","type-page","status-publish","hentry"],"_links":{"self":[{"href":"https:\/\/zspilica.pl\/index.php\/wp-json\/wp\/v2\/pages\/3704","targetHints":{"allow":["GET"]}}],"collection":[{"href":"https:\/\/zspilica.pl\/index.php\/wp-json\/wp\/v2\/pages"}],"about":[{"href":"https:\/\/zspilica.pl\/index.php\/wp-json\/wp\/v2\/types\/page"}],"author":[{"embeddable":true,"href":"https:\/\/zspilica.pl\/index.php\/wp-json\/wp\/v2\/users\/3"}],"replies":[{"embeddable":true,"href":"https:\/\/zspilica.pl\/index.php\/wp-json\/wp\/v2\/comments?post=3704"}],"version-history":[{"count":4,"href":"https:\/\/zspilica.pl\/index.php\/wp-json\/wp\/v2\/pages\/3704\/revisions"}],"predecessor-version":[{"id":3904,"href":"https:\/\/zspilica.pl\/index.php\/wp-json\/wp\/v2\/pages\/3704\/revisions\/3904"}],"wp:attachment":[{"href":"https:\/\/zspilica.pl\/index.php\/wp-json\/wp\/v2\/media?parent=3704"}],"curies":[{"name":"wp","href":"https:\/\/api.w.org\/{rel}","templated":true}]}}