{"id":3699,"date":"2022-07-08T11:30:14","date_gmt":"2022-07-08T11:30:14","guid":{"rendered":"https:\/\/zspilica.pl\/?page_id=3699"},"modified":"2025-09-22T11:40:30","modified_gmt":"2025-09-22T11:40:30","slug":"osiagniecia","status":"publish","type":"page","link":"https:\/\/zspilica.pl\/index.php\/osiagniecia\/","title":{"rendered":"Osi\u0105gni\u0119cia"},"content":{"rendered":"<div class=\"Post-inner article\">&nbsp;<\/div>\n<ul>\n<li><a href=\"https:\/\/zspilica.pl\/wp-content\/uploads\/2025\/09\/osiagniecia.pdf\">Osi\u0105gni\u0119cia m\u0142odzie\u017cy Zespo\u0142u Szk\u00f3\u0142 w Pilicy roku szkolnym 2024\/2025<\/a><\/li>\n<li><a href=\"https:\/\/zspilica.pl\/wp-content\/uploads\/2025\/01\/Osiagniecia-uczniow-Zespolu-Szkol-ww-Pilicy-2023-24.pdf\">Osi\u0105gni\u0119cia m\u0142odzie\u017cy Zespo\u0142u Szk\u00f3\u0142 w Pilicy roku szkolnym 2023\/2024<\/a><\/li>\n<li><a href=\"https:\/\/zspilica.pl\/wp-content\/uploads\/2023\/07\/osiagniecia_23.pdf\">Osi\u0105gni\u0119cia m\u0142odzie\u017cy Zespo\u0142u Szk\u00f3\u0142 w Pilicy roku szkolnym 2022\/2023<\/a><\/li>\n<li><a href=\"https:\/\/zspilica.pl\/wp-content\/uploads\/2022\/12\/osiagniecia_2021-22._-04.07.2022r....pdf\">Osi\u0105gni\u0119cia m\u0142odzie\u017cy Zespo\u0142u Szk\u00f3\u0142 w Pilicy roku szkolnym 2021\/2022<\/a><\/li>\n<li><a href=\"http:\/\/www.zspilica.pl\/DOKUMENTY\/2021\/OSIAGNIECIA_2021.pdf\" target=\"_blank\" rel=\"noopener\">Osi\u0105gni\u0119cia m\u0142odzie\u017cy Zespo\u0142u Szk\u00f3\u0142 w Pilicy roku szkolnym 2020\/2021<\/a><\/li>\n<li><a href=\"http:\/\/www.zspilica.pl\/DOKUMENTY\/2020\/osiagniecoa2020.pdf\">Osi\u0105gni\u0119cia m\u0142odzie\u017cy Zespo\u0142u Szk\u00f3\u0142 w Pilicy roku szkolnym 2019\/2020<\/a><\/li>\n<li><a href=\"http:\/\/www.zspilica.pl\/DOKUMENTY\/OSIAGNIECIA_1819.pdf\">Osi\u0105gni\u0119cia m\u0142odzie\u017cy Zespo\u0142u Szk\u00f3\u0142 w Pilicy roku szkolnym 2018\/2019<\/a><\/li>\n<li><a href=\"http:\/\/www.zspilica.pl\/DOKUMENTY\/OSIAGNIECIA_1718.pdf\">Osi\u0105gni\u0119cia m\u0142odzie\u017cy Zespo\u0142u Szk\u00f3\u0142 w Pilicy roku szkolnym 2017\/2018<\/a><\/li>\n<li><a href=\"http:\/\/www.zspilica.pl\/doki1718\/osiagniecia1617.docx\">Osi\u0105gni\u0119cia m\u0142odzie\u017cy Zespo\u0142u Szk\u00f3\u0142 w Pilicy roku szkolnym 2016\/2017<\/a><\/li>\n<li><a href=\"http:\/\/www.zspilica.pl\/doki1617\/osiagniecia1516.docx\">Osi\u0105gni\u0119cia m\u0142odzie\u017cy Zespo\u0142u Szk\u00f3\u0142 w Pilicy roku szkolnym 2015\/2016<\/a><\/li>\n<li><a href=\"http:\/\/www.zspilica.pl\/doki1516\/osiagniecia1415.pdf\">Osi\u0105gni\u0119cia m\u0142odzie\u017cy Zespo\u0142u Szk\u00f3\u0142 w Pilicy roku szkolnym 2014\/2015<\/a><\/li>\n<li><a href=\"http:\/\/www.zspilica.pl\/doki1415\/osiagniecia_ok.pdf\">Osi\u0105gni\u0119cia m\u0142odzie\u017cy Zespo\u0142u Szk\u00f3\u0142 w Pilicy roku szkolnym 2013\/2014<\/a><\/li>\n<li><a href=\"http:\/\/www.zspilica.pl\/doki1415\/osiagniecia1213.pdf\">Osi\u0105gni\u0119cia m\u0142odzie\u017cy Zespo\u0142u Szk\u00f3\u0142 w Pilicy roku szkolnym 2012\/2013<\/a><\/li>\n<li><a href=\"http:\/\/www.zspilica.pl\/doki1415\/uczestnictwo_11-12.pdf\">UCZESTNICTWO UCZNI\u00d3W ZESPO\u0141U SZK\u00d3\u0141 W PILICY W PROJEKTACH ORAZ R\u00d3\u017bNEGO RODZAJU PRZEDSI\u0118WZI\u0118CIACH ROK SZKOLNY 2011\/2012<\/a><\/li>\n<li><a href=\"http:\/\/www.zspilica.pl\/doki1415\/olimpiady_11-12.pdf\">UDZIA\u0141 UCZNI\u00d3W ZESPO\u0141U SZK\u00d3\u0141 W PILICY W OLIMPIADACH, KONKURSACH PRZEDMIOTOWYCH I ZAWODACH SPORTOWYCH ROK SZKOLNY 2011\/2012<\/a><\/li>\n<\/ul>\n","protected":false},"excerpt":{"rendered":"<p>&nbsp; Osi\u0105gni\u0119cia m\u0142odzie\u017cy Zespo\u0142u Szk\u00f3\u0142 w Pilicy roku szkolnym 2024\/2025 Osi\u0105gni\u0119cia m\u0142odzie\u017cy Zespo\u0142u Szk\u00f3\u0142 w Pilicy roku szkolnym 2023\/2024 Osi\u0105gni\u0119cia m\u0142odzie\u017cy Zespo\u0142u Szk\u00f3\u0142 w Pilicy roku szkolnym 2022\/2023 Osi\u0105gni\u0119cia m\u0142odzie\u017cy Zespo\u0142u Szk\u00f3\u0142 w Pilicy roku szkolnym 2021\/2022 Osi\u0105gni\u0119cia m\u0142odzie\u017cy Zespo\u0142u Szk\u00f3\u0142 w Pilicy roku szkolnym 2020\/2021 Osi\u0105gni\u0119cia m\u0142odzie\u017cy Zespo\u0142u Szk\u00f3\u0142 [&hellip;]<\/p>\n","protected":false},"author":3,"featured_media":0,"parent":0,"menu_order":0,"comment_status":"closed","ping_status":"closed","template":"","meta":{"ngg_post_thumbnail":0,"footnotes":""},"class_list":["post-3699","page","type-page","status-publish","hentry"],"_links":{"self":[{"href":"https:\/\/zspilica.pl\/index.php\/wp-json\/wp\/v2\/pages\/3699","targetHints":{"allow":["GET"]}}],"collection":[{"href":"https:\/\/zspilica.pl\/index.php\/wp-json\/wp\/v2\/pages"}],"about":[{"href":"https:\/\/zspilica.pl\/index.php\/wp-json\/wp\/v2\/types\/page"}],"author":[{"embeddable":true,"href":"https:\/\/zspilica.pl\/index.php\/wp-json\/wp\/v2\/users\/3"}],"replies":[{"embeddable":true,"href":"https:\/\/zspilica.pl\/index.php\/wp-json\/wp\/v2\/comments?post=3699"}],"version-history":[{"count":7,"href":"https:\/\/zspilica.pl\/index.php\/wp-json\/wp\/v2\/pages\/3699\/revisions"}],"predecessor-version":[{"id":7911,"href":"https:\/\/zspilica.pl\/index.php\/wp-json\/wp\/v2\/pages\/3699\/revisions\/7911"}],"wp:attachment":[{"href":"https:\/\/zspilica.pl\/index.php\/wp-json\/wp\/v2\/media?parent=3699"}],"curies":[{"name":"wp","href":"https:\/\/api.w.org\/{rel}","templated":true}]}}