{"id":3694,"date":"2022-07-08T11:29:41","date_gmt":"2022-07-08T11:29:41","guid":{"rendered":"https:\/\/zspilica.pl\/?page_id=3694"},"modified":"2024-11-13T08:43:55","modified_gmt":"2024-11-13T08:43:55","slug":"samorzad-uczniowski","status":"publish","type":"page","link":"https:\/\/zspilica.pl\/index.php\/samorzad-uczniowski\/","title":{"rendered":"Samorz\u0105d uczniowski"},"content":{"rendered":"<div>\n<div>Od wielu lat w naszej szkole dzia\u0142a Samorz\u0105d Uczniowski. W\u015br\u00f3d wielu cel\u00f3w, jakie realizuje SU warto wymieni\u0107: kszta\u0142towanie w\u0142a\u015bciwych postaw spo\u0142ecznych, propagowanie bezinteresownej pomocy, budzenie zainteresowa\u0144 histori\u0105; rodzinnej miejscowo\u015bci,&nbsp; tworzenie silnej wi\u0119zi mi\u0119dzy wszystkimi uczniami, rozw\u00f3j zainteresowa\u0144 naukowych, sportowych, kulturalnych, podtrzymywanie tradycji i obrz\u0119dowo\u015bci w szkole, organizowanie czasu wolnego. Uczniowie anga\u017cuj\u0105 si\u0119 w \u017cycie szko\u0142y i maj\u0105 wiele ciekawych pomys\u0142\u00f3w.&nbsp;<\/div>\n<div>&nbsp;<\/div>\n<\/div>\n<p>Zarz\u0105d Samorz\u0105du Uczniowskiego:<br \/>\nPrzewodnicz\u0105cy: Kacper Goncerz<br \/>\nZast\u0119pca: Yelyzaveta Labzowa<br \/>\nSekretarz: Zuzanna Kleciek<br \/>\nSkarbnik: Marcel S\u0142owikowski<\/p>\n<p><strong>Opiekun: Karina Fryc<\/strong><\/p>\n","protected":false},"excerpt":{"rendered":"<p>Od wielu lat w naszej szkole dzia\u0142a Samorz\u0105d Uczniowski. W\u015br\u00f3d wielu cel\u00f3w, jakie realizuje SU warto wymieni\u0107: kszta\u0142towanie w\u0142a\u015bciwych postaw spo\u0142ecznych, propagowanie bezinteresownej pomocy, budzenie zainteresowa\u0144 histori\u0105; rodzinnej miejscowo\u015bci,&nbsp; tworzenie silnej wi\u0119zi mi\u0119dzy wszystkimi uczniami, rozw\u00f3j zainteresowa\u0144 naukowych, sportowych, kulturalnych, podtrzymywanie tradycji i obrz\u0119dowo\u015bci w szkole, organizowanie czasu wolnego. Uczniowie [&hellip;]<\/p>\n","protected":false},"author":3,"featured_media":0,"parent":0,"menu_order":0,"comment_status":"closed","ping_status":"closed","template":"","meta":{"ngg_post_thumbnail":0,"footnotes":""},"class_list":["post-3694","page","type-page","status-publish","hentry"],"_links":{"self":[{"href":"https:\/\/zspilica.pl\/index.php\/wp-json\/wp\/v2\/pages\/3694","targetHints":{"allow":["GET"]}}],"collection":[{"href":"https:\/\/zspilica.pl\/index.php\/wp-json\/wp\/v2\/pages"}],"about":[{"href":"https:\/\/zspilica.pl\/index.php\/wp-json\/wp\/v2\/types\/page"}],"author":[{"embeddable":true,"href":"https:\/\/zspilica.pl\/index.php\/wp-json\/wp\/v2\/users\/3"}],"replies":[{"embeddable":true,"href":"https:\/\/zspilica.pl\/index.php\/wp-json\/wp\/v2\/comments?post=3694"}],"version-history":[{"count":13,"href":"https:\/\/zspilica.pl\/index.php\/wp-json\/wp\/v2\/pages\/3694\/revisions"}],"predecessor-version":[{"id":6705,"href":"https:\/\/zspilica.pl\/index.php\/wp-json\/wp\/v2\/pages\/3694\/revisions\/6705"}],"wp:attachment":[{"href":"https:\/\/zspilica.pl\/index.php\/wp-json\/wp\/v2\/media?parent=3694"}],"curies":[{"name":"wp","href":"https:\/\/api.w.org\/{rel}","templated":true}]}}