{"id":3689,"date":"2022-07-08T11:29:07","date_gmt":"2022-07-08T11:29:07","guid":{"rendered":"https:\/\/zspilica.pl\/?page_id=3689"},"modified":"2024-11-13T08:39:21","modified_gmt":"2024-11-13T08:39:21","slug":"rada-rodzicow","status":"publish","type":"page","link":"https:\/\/zspilica.pl\/index.php\/rada-rodzicow\/","title":{"rendered":"Rada Rodzic\u00f3w"},"content":{"rendered":"<p><big><strong>Rada Rodzic\u00f3w w Zespole Szk\u00f3\u0142 w Pilicy:<\/strong><br \/>\n<\/big><br \/>\n<strong>Sk\u0142ad:<\/strong><\/p>\n<p><strong>Przewodnicz\u0105ca Rady Rodzic\u00f3w<\/strong> &#8211; Pani Magdalena Mi\u015bta,<br \/>\n<strong>Zast\u0119pca przewodnicz\u0105cej<\/strong> \u2013 Pani Anna Piechulska<br \/>\n<strong>Skarbnik<\/strong> &#8211; Pani Sylwia \u015awierczek<br \/>\n<strong>Sekretarz<\/strong> &#8211; Pani Urszula Lis &#8211; Nogie\u0107<\/p>\n<p><strong>Cz\u0142onkowie<\/strong> \u2013 Pani Joanna Kaniecka, ,&nbsp;<br \/>\nPani Marcelina Janus, Pani Edyta Haberka, Pan Przemys\u0142aw Kotnis, Pani Barbara Bomba<\/p>\n<p><strong>Sk\u0142ad komisji rewizyjnej<\/strong> &#8211;&nbsp; Pani Joanna Kaniecka, Pani Marcelina Janus, Pani Edyta Haberka<\/p>\n<p><strong>Nr Konta:<\/strong><\/p>\n<p>Rada Rodzic\u00f3w przy Zespole Szk\u00f3\u0142 w Pilicy<br \/>\nBank Sp\u00f3\u0142dzielczy Wolbrom \/o Pilica<\/p>\n<p><span style=\"color: #800000;\"><strong>97 8450 0005 0040 0400 0071 0004<\/strong><\/span><\/p>\n<p>&nbsp;<\/p>\n<p>&nbsp;<\/p>\n","protected":false},"excerpt":{"rendered":"<p>Rada Rodzic\u00f3w w Zespole Szk\u00f3\u0142 w Pilicy: Sk\u0142ad: Przewodnicz\u0105ca Rady Rodzic\u00f3w &#8211; Pani Magdalena Mi\u015bta, Zast\u0119pca przewodnicz\u0105cej \u2013 Pani Anna Piechulska Skarbnik &#8211; Pani Sylwia \u015awierczek Sekretarz &#8211; Pani Urszula Lis &#8211; Nogie\u0107 Cz\u0142onkowie \u2013 Pani Joanna Kaniecka, ,&nbsp; Pani Marcelina Janus, Pani Edyta Haberka, Pan Przemys\u0142aw Kotnis, Pani Barbara [&hellip;]<\/p>\n","protected":false},"author":3,"featured_media":0,"parent":0,"menu_order":0,"comment_status":"closed","ping_status":"closed","template":"","meta":{"ngg_post_thumbnail":0,"footnotes":""},"class_list":["post-3689","page","type-page","status-publish","hentry"],"_links":{"self":[{"href":"https:\/\/zspilica.pl\/index.php\/wp-json\/wp\/v2\/pages\/3689","targetHints":{"allow":["GET"]}}],"collection":[{"href":"https:\/\/zspilica.pl\/index.php\/wp-json\/wp\/v2\/pages"}],"about":[{"href":"https:\/\/zspilica.pl\/index.php\/wp-json\/wp\/v2\/types\/page"}],"author":[{"embeddable":true,"href":"https:\/\/zspilica.pl\/index.php\/wp-json\/wp\/v2\/users\/3"}],"replies":[{"embeddable":true,"href":"https:\/\/zspilica.pl\/index.php\/wp-json\/wp\/v2\/comments?post=3689"}],"version-history":[{"count":9,"href":"https:\/\/zspilica.pl\/index.php\/wp-json\/wp\/v2\/pages\/3689\/revisions"}],"predecessor-version":[{"id":6701,"href":"https:\/\/zspilica.pl\/index.php\/wp-json\/wp\/v2\/pages\/3689\/revisions\/6701"}],"wp:attachment":[{"href":"https:\/\/zspilica.pl\/index.php\/wp-json\/wp\/v2\/media?parent=3689"}],"curies":[{"name":"wp","href":"https:\/\/api.w.org\/{rel}","templated":true}]}}