{"id":3677,"date":"2022-07-08T11:28:24","date_gmt":"2022-07-08T11:28:24","guid":{"rendered":"https:\/\/zspilica.pl\/?page_id=3677"},"modified":"2022-07-08T11:40:58","modified_gmt":"2022-07-08T11:40:58","slug":"historia","status":"publish","type":"page","link":"https:\/\/zspilica.pl\/index.php\/historia\/","title":{"rendered":"Historia"},"content":{"rendered":"<p>Nasza szko\u0142a ma ponad pi\u0119\u0107dziesi\u0119cioletni\u0105 tradycj\u0119 i naprawd\u0119 czuje si\u0119 tu ducha dawnych wiek\u00f3w. Mo\u017ce to dlatego, \u017ce Pilica od zawsze by\u0142a zwi\u0105zana z wieloma postaciami znanymi z podr\u0119cznik\u00f3w historii.<\/p>\n<p>Dawno, dawno temu, kiedy na ziemiach polskich panowa\u0142 Kazimierz Wielki, na naszych terenach zacz\u0119to budowa\u0107 pot\u0119\u017cne warownie. Na pocz\u0105tku XIV wieku Otton Toporczyk, rozpocz\u0105\u0142 i uko\u0144czy\u0142 ze znakomitym skutkiem budow\u0119 pot\u0119\u017cnego zamku, kt\u00f3rego majestatyczne ruiny do dzi\u015b istniej\u0105&nbsp;&nbsp;w Smoleniu.&nbsp;<br \/>\nOtton Pilecki, by\u0142 przyjacielem kr\u00f3la Kazimierz Wielkiego. Pami\u0119ta\u0107 nale\u017cy te\u017c, \u017ce wdowa po Ottonie, Jadwiga, zosta\u0142a w 1386 roku matk\u0105 chrzestn\u0105 kr\u00f3la W\u0142adys\u0142awa Jagie\u0142\u0142y.<br \/>\nNa naszym terenie znajduje si\u0119 du\u017co zabytk\u00f3w klasy zerowej. Wieki m\u00f3wi\u0105 do nas na ka\u017cdym kroku. Wystarczy tylko dobrze przy\u0142o\u017cy\u0107 ucho. Piliczanie zawsze byli wielkimi patriotami. Wystarczy tylko wspomnie\u0107 nazwiska Zuzanny Czaplicowej czy Marii Sobieskiej z Wessl\u00f3w, fundatorki Klasztoru oo. Reformat\u00f3w i cz\u0142onkini trzeciego zakonu franciszka\u0144skiego.<\/p>\n<p>Szkolnictwo w Pilicy ma bardzo bogat\u0105 przesz\u0142o\u015b\u0107, kt\u00f3rej korzenie si\u0119gaj\u0105 pocz\u0105tk\u00f3w XV w. Ju\u017c w 1409r. dzia\u0142a\u0142a tu szko\u0142a parafialna, kt\u00f3ra mie\u015bci\u0142a si\u0119 na wzg\u00f3rzu za ko\u015bcio\u0142em farnym \u015bw. Jana Ewangelisty. Jak wielk\u0105 wag\u0119 przywi\u0105zywano w\u00f3wczas do nauki oraz&nbsp; poziomu kszta\u0142cenia w pilickiej szkole,&nbsp; \u015bwiadczy spora liczba Piliczan, kt\u00f3rzy w XV w. studiowali na Akademii Krakowskiej ( dzisiejszy UJ). Jeden z nich Jan z Pilczy \u2013 zosta\u0142 nawet w XV w. rektorem tej\u017ce uczelni. W p\u00f3\u017aniejszych latach szko\u0142a przechodzi\u0142a r\u00f3\u017cne koleje losu, jednak ca\u0142y czas istnia\u0142a. Przetrwa\u0142a nawet trudne lata zabor\u00f3w. Uczy\u0142y si\u0119 w niej na r\u00f3wnych prawach dzieci chrze\u015bcija\u0144skie i \u017cydowskie. Opr\u00f3cz szko\u0142y elementarnej, w XIX w. istnia\u0142a szko\u0142a Rzemie\u015blniczo-Niedzielna, w kt\u00f3rej uczono kilku zawod\u00f3w. Stare karty jej dziennika z 1848r. s\u0105 \u017ar\u00f3d\u0142em wiedzy nie tylko na temat post\u0119p\u00f3w w nauce, ale r\u00f3wnie\u017c o nazwiskach \u00f3wczesnych Piliczan, nazwach ulic, jakie tu by\u0142y, zawod\u00f3w, kt\u00f3re tu wykonywano.<\/p>\n<p>Po odzyskaniu niepodleg\u0142o\u015bci ci\u0105g\u0142o\u015b\u0107 szkolnictwa w Pilicy nie zosta\u0142a przerwana. Powsta\u0142a Publiczna Szko\u0142a Powszechna Miejska, a kierownikiem jej zosta\u0142 W\u0142adys\u0142aw Jele\u0144, kt\u00f3rego gr\u00f3b znajduje si\u0119 na tutejszym cmentarzu. Ponadto z inicjatywy Feliksa Borys\u0142awskiego 1 IX 1917r. zosta\u0142o powo\u0142ane do \u017cycia 4-klasowe Progimnazjum Og\u00f3lnokszta\u0142c\u0105ce-Koedukacyjne. Mie\u015bci\u0142o si\u0119 ono w jednym z dom\u00f3w przy ulicy Zawiercia\u0144skiej. W czterech klasach uczy\u0142o si\u0119 \u0142\u0105cznie 100 uczni\u00f3w. Do po\u0142udnia odbywa\u0142y si\u0119 lekcje dla m\u0142odzie\u017cy, a po po\u0142udniu kursy dla doros\u0142ych. Uczniowie pochodzili z terenu ca\u0142ej \u00f3wczesnej gminy Pilica oraz Chliny i Woli. Progimnazjum by\u0142o szko\u0142a prywatn\u0105, wi\u0119c trzeba by\u0142o p\u0142aci\u0107 czesne. Opr\u00f3cz za\u0142o\u017cyciela nauczycielami w tej szkole byli&nbsp; dr Zygmunt Pyrowicz, Eugeniusz Stolarski, Helena Wilczak\u00f3wna i ks. Mieczys\u0142aw Froelich. Narastaj\u0105ca dro\u017cyzna utrudnia\u0142a op\u0142acanie czesnego, a\u017c w ko\u0144cu spowodowa\u0142a, \u017ce progimnazjum zamkni\u0119to w 1920r. Szko\u0142a Powszechna funkcjonowa\u0142a przez ca\u0142y okres XX-lecia mi\u0119dzywojennego.<\/p>\n<p>Po wybuchu II wojny \u015bwiatowej, gdy rodzi si\u0119 tajne nauczanie, w Pilicy zaczynaj\u0105 dzia\u0142a\u0107 tajne komplety w zakresie szko\u0142y \u015bredniej. Prowadzi\u0142y je siostry Janina Graniecka i Kamila J\u0119drzejkowska oraz Zofia Kozielska i Anna Pyrowicz. W 1940r. prowadzenie tajnych kompleks\u00f3w przej\u0105\u0142 przyby\u0142y z Tomaszowa Lubelskiego profesor Feliks Kwiatkowski. Prowadzi\u0142 je do wyzwolenia Pilicy, czyli do dnia 17 stycznia 1945 roku.<\/p>\n<p>Po zako\u0144czeniu wojny, 27 kwietnia 1947roku,&nbsp; Gmina Rada Narodowa postanowi\u0142a wybudowa\u0107 now\u0105 szko\u0142\u0119. Wybrano Komitet Budowy Szko\u0142y sk\u0142adaj\u0105cy si\u0119 z w\u00f3jta W\u0142adys\u0142awa Zonfka, kierownika i przewodnicz\u0105cego GRN- Stanis\u0142awa Borka oraz 10 innych cz\u0142onk\u00f3w. 1 V 1948r. GRN upowa\u017cni\u0142o zarz\u0105d do kupna od Heleny Arkuszewskiej parceli o powierzchni 2 ha ( po by\u0142ej s\u0142odowni ) pod budow\u0119 szko\u0142y. Cena tej dzia\u0142ki wynosi\u0142a w\u00f3wczas 4.500.000 z\u0142. W dniu 29 V 1948r. Stanis\u0142aw Borek o\u015bwiadczy\u0142 przedstawicielom GRN, \u017ce inspektorat szkolny w Olkuszu zamierza zorganizowa\u0107 w Pilicy od 1 IX 1948r. 11-letni\u0105 Szko\u0142\u0119 Podstawowo-Licealn\u0105. 21 VI 1948r. GRN postanowi\u0142 wystosowa\u0107 pro\u015bb\u0119 do Kuratorium Okr\u0119gu Szkolnego Krakowskiego o zorganizowanie IV klasy szko\u0142y nowego typu i przydzielenie jej trzech profesor\u00f3w, zobowi\u0105zuj\u0105c si\u0119 przy tym do zapewnienia im mieszkania i zwrotu koszt\u00f3w jakie przeprowadzili. 11 VIII 1948r.&nbsp; Borek poinformowa\u0142 cz\u0142onk\u00f3w Komitetu Budowy Szko\u0142y o zakupieniu&nbsp; parceli. W 1953r. uzyskano pozwolenie na&nbsp; budow\u0119, a rok p\u00f3\u017aniej rozpocz\u0119to prace budowlane. Tymczasem zaj\u0119cia szkolne odbywa\u0142y si\u0119 na pilickim zamku i budynku przy ul. Senatorskiej.<\/p>\n<p>7 VIII 1945r. Prezydium Powiatowej Rady Narodowej w Olkuszu wystosowa\u0142o do Wydzia\u0142u O\u015bwiaty Prezydium Wojew\u00f3dzkiego RN w Krakowie pismo potwierdzaj\u0105ce potrzeb\u0119 utworzenia w Pilicy liceum.<br \/>\n<strong><br \/>\n1 IX 1956r. odby\u0142o si\u0119 uroczyste otwarcie nowej szko\u0142y.<\/strong> Do u\u017cytku oddano wtedy tylko I pi\u0119tro, roboty wyko\u0144czeniowe ci\u0105gn\u0119\u0142y si\u0119 do ko\u0144ca 1957r. 30 VIII 1956r.<br \/>\n<strong>Stanis\u0142aw Borek zosta\u0142 mianowany dyrektorem szko\u0142y. <\/strong><br \/>\nNowy gmach szkolny zbudowano z kamienia i ceg\u0142y, a pokryto czerwon\u0105 dach\u00f3wk\u0105. W \u015brodku by\u0142o 15 sal lekcyjnych, 2 szatnie, 3 pomieszczenia administracyjne, gabinety: fizyczny i biologiczny, sala gimnastyczna, 2 \u015bwietlice, biblioteka szkolna, \u0142a\u017ania, przebieralnia, gabinet lekarski i sala do prac r\u0119cznych. Tak po o\u015bmiu &nbsp;latach stara\u0144 rozpocz\u0119\u0142a dzia\u0142alno\u015b\u0107 Szko\u0142a Og\u00f3lnokszta\u0142c\u0105ca Stopnia Podstawowego i Licealnego przy ul. 17-go Stycznia.<br \/>\nOd 1962r. w\u0142adze o\u015bwiatowe zacz\u0119\u0142y przejawia\u0107 tendencje do rozdzielenia Liceum od Szko\u0142y Podstawowej, czego w ko\u0144cu dokonano w roku szkolnym 1966\/67. Od 1 IX 1967r. Liceum w Pilicy rozpocz\u0119\u0142o realizacj\u0119 VI etapu reformy jako szko\u0142a 4 klasowa na podbudowanie 8-klasowej Szko\u0142y Podstawowej.&nbsp;<\/p>\n<p><strong>Pierwsza matura w pilickim LO mia\u0142a miejsce w 1960r.<\/strong><\/p>\n<p>Z 20 uczni\u00f3w 17-stu zosta\u0142o do niej dopuszczonych i zda\u0142o j\u0105 pomy\u015blnie. Jednym z przedmiot\u00f3w maturalnych by\u0142a wtedy \u0142acina.<\/p>\n<p>W 2002r. Liceum dotkn\u0119\u0142a kolejna reforma o\u015bwiatowa zwi\u0105zana&nbsp;z wprowadzeniem 6-letniej Szko\u0142y Podstawowej, 3-letniego Gimnazjum i 3-letniej Szko\u0142y Ponadgimnazjalnej. Od tego te\u017c roku wprowadzono nowe profile z rozszerzon\u0105 informatyk\u0105 i matematyk\u0105 oraz z rozszerzonym&nbsp;&nbsp;j. angielskim i histori\u0105.<\/p>\n<p><strong>W ci\u0105gu 50 lat istnienia liceum uko\u0144czy\u0142o ponad 1000 absolwent\u00f3w.<\/strong> Wielu z nich zdoby\u0142o wy\u017csze wykszta\u0142cenie i zasila dzi\u015b szeregi pracownik\u00f3w o\u015bwiaty wszystkich szczebli, s\u0142u\u017cby zdrowia, s\u0105downictwa, administracji pa\u0144stwowej, duchowie\u0144stwa i wielu innych.<\/p>\n<p><strong>W roku szkolnym 2005\/2006, 13 II 2006r Liceum przeprowadzi\u0142o si\u0119 do nowo wybudowanego gmachu.&nbsp; <\/strong>Tym samym po raz pierwszy od momentu powstania oddzieli\u0142o si\u0119 od szko\u0142y podstawowej.<\/p>\n<p>Jeste\u015bmy nowocze\u015bni, skomputeryzowani, zreformowani. Stanowimy wraz z technikum zesp\u00f3\u0142 szk\u00f3\u0142. Ale wci\u0105\u017c mamy te same ambicje: by\u0107 szko\u0142\u0105 przyjazn\u0105 uczniowi. Poszerza\u0107 horyzonty, spe\u0142nia\u0107 marzenia.&nbsp;&nbsp;<\/p>\n","protected":false},"excerpt":{"rendered":"<p>Nasza szko\u0142a ma ponad pi\u0119\u0107dziesi\u0119cioletni\u0105 tradycj\u0119 i naprawd\u0119 czuje si\u0119 tu ducha dawnych wiek\u00f3w. Mo\u017ce to dlatego, \u017ce Pilica od zawsze by\u0142a zwi\u0105zana z wieloma postaciami znanymi z podr\u0119cznik\u00f3w historii. Dawno, dawno temu, kiedy na ziemiach polskich panowa\u0142 Kazimierz Wielki, na naszych terenach zacz\u0119to budowa\u0107 pot\u0119\u017cne warownie. Na pocz\u0105tku XIV [&hellip;]<\/p>\n","protected":false},"author":3,"featured_media":0,"parent":0,"menu_order":0,"comment_status":"closed","ping_status":"closed","template":"","meta":{"ngg_post_thumbnail":0,"footnotes":""},"class_list":["post-3677","page","type-page","status-publish","hentry"],"_links":{"self":[{"href":"https:\/\/zspilica.pl\/index.php\/wp-json\/wp\/v2\/pages\/3677","targetHints":{"allow":["GET"]}}],"collection":[{"href":"https:\/\/zspilica.pl\/index.php\/wp-json\/wp\/v2\/pages"}],"about":[{"href":"https:\/\/zspilica.pl\/index.php\/wp-json\/wp\/v2\/types\/page"}],"author":[{"embeddable":true,"href":"https:\/\/zspilica.pl\/index.php\/wp-json\/wp\/v2\/users\/3"}],"replies":[{"embeddable":true,"href":"https:\/\/zspilica.pl\/index.php\/wp-json\/wp\/v2\/comments?post=3677"}],"version-history":[{"count":2,"href":"https:\/\/zspilica.pl\/index.php\/wp-json\/wp\/v2\/pages\/3677\/revisions"}],"predecessor-version":[{"id":3734,"href":"https:\/\/zspilica.pl\/index.php\/wp-json\/wp\/v2\/pages\/3677\/revisions\/3734"}],"wp:attachment":[{"href":"https:\/\/zspilica.pl\/index.php\/wp-json\/wp\/v2\/media?parent=3677"}],"curies":[{"name":"wp","href":"https:\/\/api.w.org\/{rel}","templated":true}]}}