{"id":3675,"date":"2022-07-08T11:28:06","date_gmt":"2022-07-08T11:28:06","guid":{"rendered":"https:\/\/zspilica.pl\/?page_id=3675"},"modified":"2023-11-28T18:34:31","modified_gmt":"2023-11-28T18:34:31","slug":"projekty","status":"publish","type":"page","link":"https:\/\/zspilica.pl\/index.php\/projekty\/","title":{"rendered":"Projekty"},"content":{"rendered":"\t\t<div data-elementor-type=\"wp-page\" data-elementor-id=\"3675\" class=\"elementor elementor-3675\" data-elementor-settings=\"[]\">\n\t\t\t\t\t\t\t<div class=\"elementor-section-wrap\">\n\t\t\t\t\t\t\t<section class=\"elementor-section elementor-top-section elementor-element elementor-element-0772122 elementor-section-boxed elementor-section-height-default elementor-section-height-default\" data-id=\"0772122\" data-element_type=\"section\">\n\t\t\t\t\t\t<div class=\"elementor-container elementor-column-gap-default\">\n\t\t\t\t\t<div class=\"elementor-column elementor-col-100 elementor-top-column elementor-element elementor-element-9c88be9\" data-id=\"9c88be9\" data-element_type=\"column\">\n\t\t\t<div class=\"elementor-widget-wrap elementor-element-populated\">\n\t\t\t\t\t\t\t\t<div class=\"elementor-element elementor-element-4934242 elementor-grid-3 elementor-grid-tablet-2 elementor-grid-mobile-1 elementor-widget elementor-widget-gyan_post_grid\" data-id=\"4934242\" data-element_type=\"widget\" data-settings=\"{&quot;columns&quot;:&quot;3&quot;,&quot;columns_tablet&quot;:&quot;2&quot;,&quot;columns_mobile&quot;:&quot;1&quot;}\" data-widget_type=\"gyan_post_grid.default\">\n\t\t\t\t<div class=\"elementor-widget-container\">\n\t\t\t        <div class=\"gyan-post-grid-container gyan-post-grid-s1 gyan-post-grid-container-4934242\" data-layout=\"grid\" data-rtl=\"false\">\n\n            \n            <div class=\"gyan-post-grid gyan-elementor-grid\">\n                \n<div class=\"gyan-post-grid-item gyan-grid-item-wrap cat-25\">\n    <div class=\"gyan-post-grid-item-inner gyan-grid-item\">\n\n        <div class=\"gyan-post-grid-item-holder gyan-ease-transition \">\n\n            \n                <div class=\"gyan-post-image\">\n\n                    <div class=\"gyan-post-grid-format\"><a href=\"https:\/\/zspilica.pl\/index.php\/2023\/11\/28\/twoje-dane-twoja-sprawa\/\" class=\"gyan-post-grid-image gyan-ease-transition\"><img loading=\"lazy\" decoding=\"async\" width=\"2560\" height=\"1685\" src=\"https:\/\/zspilica.pl\/wp-content\/uploads\/2023\/11\/Twoje-Dane-scaled-e1701198666506.jpg\" class=\"gyan-ease-transition\" alt=\"\" srcset=\"https:\/\/zspilica.pl\/wp-content\/uploads\/2023\/11\/Twoje-Dane-scaled-e1701198666506.jpg 2560w, https:\/\/zspilica.pl\/wp-content\/uploads\/2023\/11\/Twoje-Dane-scaled-e1701198666506-300x197.jpg 300w, https:\/\/zspilica.pl\/wp-content\/uploads\/2023\/11\/Twoje-Dane-scaled-e1701198666506-1024x674.jpg 1024w, https:\/\/zspilica.pl\/wp-content\/uploads\/2023\/11\/Twoje-Dane-scaled-e1701198666506-768x506.jpg 768w, https:\/\/zspilica.pl\/wp-content\/uploads\/2023\/11\/Twoje-Dane-scaled-e1701198666506-1536x1011.jpg 1536w, https:\/\/zspilica.pl\/wp-content\/uploads\/2023\/11\/Twoje-Dane-scaled-e1701198666506-2048x1348.jpg 2048w\" sizes=\"auto, (max-width: 2560px) 100vw, 2560px\" \/><\/a><div class=\"gyan-post-grid-meta gyan-ease-transition\">\n        <ul><li><span class=\"gyan-love \" data-id=\"5732\"><i class=\"fas fa-heart fas-regular\"><\/i><i class=\"fas fa-heart\"><\/i><span class=\"gyan-like-number\">0<\/span><\/span><\/li><li><span class=\"gyan-postmeta-icon\"><i class=\"fas fa-eye\"><\/i><\/span><span class=\"gyan-postmeta-text\">0<\/span><\/li><li><span class=\"gyan-postmeta-icon\"><i class=\"fas fa-comment-dots\"><\/i><\/span><span class=\"gyan-postmeta-text\"><a href=\"https:\/\/zspilica.pl\/index.php\/2023\/11\/28\/twoje-dane-twoja-sprawa\/#respond\">0<\/a><\/span><\/li><\/ul>\n    <\/div>\n    <div class=\"clear\"><\/div>                    <\/div>\n                <\/div>\n\n            \n            <div class=\"gyan-post-content-block gyan-ease-transition\">\n                <div class=\"gyan-post-title-section\">\n\n                        <div class=\"gyan-post-grid-content\">\n\n                            <div class=\"gyan-post-title\">\n                                <h2><a href=\"https:\/\/zspilica.pl\/index.php\/2023\/11\/28\/twoje-dane-twoja-sprawa\/\">\u201eTwoje dane-Twoja sprawa\u201d                                <\/a><\/h2>\n                            <\/div>\n\n                            \n                            \n                                <div class=\"gyan-post-list-excerpt\">\n                                    XIV edycja og\u00f3lnopolskiego programu edukacyjnego \u201eTwoje dane &#8211; Twoja sprawa\u201d Realizacj\u0119                                <\/div>\n\n                            \n                            <div class=\"gyan-post-grid-c-button gyan-ease-transition\">\n                                <a href=\"https:\/\/zspilica.pl\/index.php\/2023\/11\/28\/twoje-dane-twoja-sprawa\/\"><span><\/span><\/a>\n                            <\/div>\n\n                            \n                            <div class=\"clear\"><\/div>\n\n                        <\/div>\n\n                <\/div>\n                <div class=\"clear\"><\/div>\n            <\/div>\n            <div class=\"clear\"><\/div>\n        <\/div>\n\n    <\/div> <!-- gyan-post-grid-item-inner -->\n<\/div> <!-- gyan-post-grid-item -->\n\n<div class=\"clear\"><\/div>\n<div class=\"gyan-post-grid-item gyan-grid-item-wrap cat-25\">\n    <div class=\"gyan-post-grid-item-inner gyan-grid-item\">\n\n        <div class=\"gyan-post-grid-item-holder gyan-ease-transition \">\n\n            \n                <div class=\"gyan-post-image\">\n\n                    <div class=\"gyan-post-grid-format\"><a href=\"https:\/\/zspilica.pl\/index.php\/2022\/07\/27\/etwinning\/\" class=\"gyan-post-grid-image gyan-ease-transition\"><img loading=\"lazy\" decoding=\"async\" width=\"667\" height=\"500\" src=\"https:\/\/zspilica.pl\/wp-content\/uploads\/2022\/07\/AW.jpg\" class=\"gyan-ease-transition\" alt=\"\" srcset=\"https:\/\/zspilica.pl\/wp-content\/uploads\/2022\/07\/AW.jpg 667w, https:\/\/zspilica.pl\/wp-content\/uploads\/2022\/07\/AW-300x225.jpg 300w\" sizes=\"auto, (max-width: 667px) 100vw, 667px\" \/><\/a><div class=\"gyan-post-grid-meta gyan-ease-transition\">\n        <ul><li><span class=\"gyan-love \" data-id=\"3768\"><i class=\"fas fa-heart fas-regular\"><\/i><i class=\"fas fa-heart\"><\/i><span class=\"gyan-like-number\">0<\/span><\/span><\/li><li><span class=\"gyan-postmeta-icon\"><i class=\"fas fa-eye\"><\/i><\/span><span class=\"gyan-postmeta-text\">0<\/span><\/li><li><span class=\"gyan-postmeta-icon\"><i class=\"fas fa-comment-dots\"><\/i><\/span><span class=\"gyan-postmeta-text\"><a href=\"https:\/\/zspilica.pl\/index.php\/2022\/07\/27\/etwinning\/#respond\">0<\/a><\/span><\/li><\/ul>\n    <\/div>\n    <div class=\"clear\"><\/div>                    <\/div>\n                <\/div>\n\n            \n            <div class=\"gyan-post-content-block gyan-ease-transition\">\n                <div class=\"gyan-post-title-section\">\n\n                        <div class=\"gyan-post-grid-content\">\n\n                            <div class=\"gyan-post-title\">\n                                <h2><a href=\"https:\/\/zspilica.pl\/index.php\/2022\/07\/27\/etwinning\/\">eTwinning                                <\/a><\/h2>\n                            <\/div>\n\n                            \n                            \n                                <div class=\"gyan-post-list-excerpt\">\n                                    Od 2.09.2019r. po raz kolejny rozpocz\u0119li\u015bmy w naszej szkole realizacj\u0119 projektu &#8211; eTwinning.                                <\/div>\n\n                            \n                            <div class=\"gyan-post-grid-c-button gyan-ease-transition\">\n                                <a href=\"https:\/\/zspilica.pl\/index.php\/2022\/07\/27\/etwinning\/\"><span><\/span><\/a>\n                            <\/div>\n\n                            \n                            <div class=\"clear\"><\/div>\n\n                        <\/div>\n\n                <\/div>\n                <div class=\"clear\"><\/div>\n            <\/div>\n            <div class=\"clear\"><\/div>\n        <\/div>\n\n    <\/div> <!-- gyan-post-grid-item-inner -->\n<\/div> <!-- gyan-post-grid-item -->\n\n<div class=\"clear\"><\/div>\n<div class=\"gyan-post-grid-item gyan-grid-item-wrap cat-25\">\n    <div class=\"gyan-post-grid-item-inner gyan-grid-item\">\n\n        <div class=\"gyan-post-grid-item-holder gyan-ease-transition \">\n\n            \n                <div class=\"gyan-post-image\">\n\n                    <div class=\"gyan-post-grid-format\"><a href=\"https:\/\/zspilica.pl\/index.php\/2022\/07\/26\/erasmus\/\" class=\"gyan-post-grid-image gyan-ease-transition\"><img loading=\"lazy\" decoding=\"async\" width=\"1201\" height=\"900\" src=\"https:\/\/zspilica.pl\/wp-content\/uploads\/2022\/07\/1.jpg\" class=\"gyan-ease-transition\" alt=\"\" srcset=\"https:\/\/zspilica.pl\/wp-content\/uploads\/2022\/07\/1.jpg 1201w, https:\/\/zspilica.pl\/wp-content\/uploads\/2022\/07\/1-300x225.jpg 300w, https:\/\/zspilica.pl\/wp-content\/uploads\/2022\/07\/1-1024x767.jpg 1024w, https:\/\/zspilica.pl\/wp-content\/uploads\/2022\/07\/1-768x576.jpg 768w\" sizes=\"auto, (max-width: 1201px) 100vw, 1201px\" \/><\/a><div class=\"gyan-post-grid-meta gyan-ease-transition\">\n        <ul><li><span class=\"gyan-love \" data-id=\"3775\"><i class=\"fas fa-heart fas-regular\"><\/i><i class=\"fas fa-heart\"><\/i><span class=\"gyan-like-number\">0<\/span><\/span><\/li><li><span class=\"gyan-postmeta-icon\"><i class=\"fas fa-eye\"><\/i><\/span><span class=\"gyan-postmeta-text\">0<\/span><\/li><li><span class=\"gyan-postmeta-icon\"><i class=\"fas fa-comment-dots\"><\/i><\/span><span class=\"gyan-postmeta-text\"><a href=\"https:\/\/zspilica.pl\/index.php\/2022\/07\/26\/erasmus\/#respond\">0<\/a><\/span><\/li><\/ul>\n    <\/div>\n    <div class=\"clear\"><\/div>                    <\/div>\n                <\/div>\n\n            \n            <div class=\"gyan-post-content-block gyan-ease-transition\">\n                <div class=\"gyan-post-title-section\">\n\n                        <div class=\"gyan-post-grid-content\">\n\n                            <div class=\"gyan-post-title\">\n                                <h2><a href=\"https:\/\/zspilica.pl\/index.php\/2022\/07\/26\/erasmus\/\">Erasmus                                <\/a><\/h2>\n                            <\/div>\n\n                            \n                            \n                                <div class=\"gyan-post-list-excerpt\">\n                                    W latach 2017-2019 Zesp\u00f3\u0142 Szk\u00f3\u0142 w Pilicy bra\u0142 udzia\u0142 w mi\u0119dzynarodowym projekcie Erasmus Plus pod                                <\/div>\n\n                            \n                            <div class=\"gyan-post-grid-c-button gyan-ease-transition\">\n                                <a href=\"https:\/\/zspilica.pl\/index.php\/2022\/07\/26\/erasmus\/\"><span><\/span><\/a>\n                            <\/div>\n\n                            \n                            <div class=\"clear\"><\/div>\n\n                        <\/div>\n\n                <\/div>\n                <div class=\"clear\"><\/div>\n            <\/div>\n            <div class=\"clear\"><\/div>\n        <\/div>\n\n    <\/div> <!-- gyan-post-grid-item-inner -->\n<\/div> <!-- gyan-post-grid-item -->\n\n<div class=\"clear\"><\/div>\n<div class=\"gyan-post-grid-item gyan-grid-item-wrap cat-25\">\n    <div class=\"gyan-post-grid-item-inner gyan-grid-item\">\n\n        <div class=\"gyan-post-grid-item-holder gyan-ease-transition \">\n\n            \n                <div class=\"gyan-post-image\">\n\n                    <div class=\"gyan-post-grid-format\"><a href=\"https:\/\/zspilica.pl\/index.php\/2022\/07\/25\/narodowy-program-rozwoju-czytelnictwa\/\" class=\"gyan-post-grid-image gyan-ease-transition\"><img loading=\"lazy\" decoding=\"async\" width=\"1632\" height=\"920\" src=\"https:\/\/zspilica.pl\/wp-content\/uploads\/2022\/07\/3program.jpg\" class=\"gyan-ease-transition\" alt=\"\" srcset=\"https:\/\/zspilica.pl\/wp-content\/uploads\/2022\/07\/3program.jpg 1632w, https:\/\/zspilica.pl\/wp-content\/uploads\/2022\/07\/3program-300x169.jpg 300w, https:\/\/zspilica.pl\/wp-content\/uploads\/2022\/07\/3program-1024x577.jpg 1024w, https:\/\/zspilica.pl\/wp-content\/uploads\/2022\/07\/3program-768x433.jpg 768w, https:\/\/zspilica.pl\/wp-content\/uploads\/2022\/07\/3program-1536x866.jpg 1536w\" sizes=\"auto, (max-width: 1632px) 100vw, 1632px\" \/><\/a><div class=\"gyan-post-grid-meta gyan-ease-transition\">\n        <ul><li><span class=\"gyan-love \" data-id=\"3777\"><i class=\"fas fa-heart fas-regular\"><\/i><i class=\"fas fa-heart\"><\/i><span class=\"gyan-like-number\">0<\/span><\/span><\/li><li><span class=\"gyan-postmeta-icon\"><i class=\"fas fa-eye\"><\/i><\/span><span class=\"gyan-postmeta-text\">0<\/span><\/li><li><span class=\"gyan-postmeta-icon\"><i class=\"fas fa-comment-dots\"><\/i><\/span><span class=\"gyan-postmeta-text\"><a href=\"https:\/\/zspilica.pl\/index.php\/2022\/07\/25\/narodowy-program-rozwoju-czytelnictwa\/#respond\">0<\/a><\/span><\/li><\/ul>\n    <\/div>\n    <div class=\"clear\"><\/div>                    <\/div>\n                <\/div>\n\n            \n            <div class=\"gyan-post-content-block gyan-ease-transition\">\n                <div class=\"gyan-post-title-section\">\n\n                        <div class=\"gyan-post-grid-content\">\n\n                            <div class=\"gyan-post-title\">\n                                <h2><a href=\"https:\/\/zspilica.pl\/index.php\/2022\/07\/25\/narodowy-program-rozwoju-czytelnictwa\/\">Narodowy Program Rozwoju Czytelnictwa                                <\/a><\/h2>\n                            <\/div>\n\n                            \n                            \n                                <div class=\"gyan-post-list-excerpt\">\n                                    Narodowy Program Rozwoju Czytelnictwa to program wieloletni , kt\u00f3rej celem jest rozpowszechnianie                                <\/div>\n\n                            \n                            <div class=\"gyan-post-grid-c-button gyan-ease-transition\">\n                                <a href=\"https:\/\/zspilica.pl\/index.php\/2022\/07\/25\/narodowy-program-rozwoju-czytelnictwa\/\"><span><\/span><\/a>\n                            <\/div>\n\n                            \n                            <div class=\"clear\"><\/div>\n\n                        <\/div>\n\n                <\/div>\n                <div class=\"clear\"><\/div>\n            <\/div>\n            <div class=\"clear\"><\/div>\n        <\/div>\n\n    <\/div> <!-- gyan-post-grid-item-inner -->\n<\/div> <!-- gyan-post-grid-item -->\n\n<div class=\"clear\"><\/div>\n<div class=\"gyan-post-grid-item gyan-grid-item-wrap cat-25\">\n    <div class=\"gyan-post-grid-item-inner gyan-grid-item\">\n\n        <div class=\"gyan-post-grid-item-holder gyan-ease-transition \">\n\n            \n                <div class=\"gyan-post-image\">\n\n                    <div class=\"gyan-post-grid-format\"><a href=\"https:\/\/zspilica.pl\/index.php\/2022\/07\/24\/slaska-mlodziez-solidarna-w-dzialaniu\/\" class=\"gyan-post-grid-image gyan-ease-transition\"><img loading=\"lazy\" decoding=\"async\" width=\"2560\" height=\"1920\" src=\"https:\/\/zspilica.pl\/wp-content\/uploads\/2022\/07\/7-scaled.jpg\" class=\"gyan-ease-transition\" alt=\"\" srcset=\"https:\/\/zspilica.pl\/wp-content\/uploads\/2022\/07\/7-scaled.jpg 2560w, https:\/\/zspilica.pl\/wp-content\/uploads\/2022\/07\/7-300x225.jpg 300w, https:\/\/zspilica.pl\/wp-content\/uploads\/2022\/07\/7-1024x768.jpg 1024w, https:\/\/zspilica.pl\/wp-content\/uploads\/2022\/07\/7-768x576.jpg 768w, https:\/\/zspilica.pl\/wp-content\/uploads\/2022\/07\/7-1536x1152.jpg 1536w, https:\/\/zspilica.pl\/wp-content\/uploads\/2022\/07\/7-2048x1536.jpg 2048w\" sizes=\"auto, (max-width: 2560px) 100vw, 2560px\" \/><\/a><div class=\"gyan-post-grid-meta gyan-ease-transition\">\n        <ul><li><span class=\"gyan-love \" data-id=\"3779\"><i class=\"fas fa-heart fas-regular\"><\/i><i class=\"fas fa-heart\"><\/i><span class=\"gyan-like-number\">0<\/span><\/span><\/li><li><span class=\"gyan-postmeta-icon\"><i class=\"fas fa-eye\"><\/i><\/span><span class=\"gyan-postmeta-text\">0<\/span><\/li><li><span class=\"gyan-postmeta-icon\"><i class=\"fas fa-comment-dots\"><\/i><\/span><span class=\"gyan-postmeta-text\"><a href=\"https:\/\/zspilica.pl\/index.php\/2022\/07\/24\/slaska-mlodziez-solidarna-w-dzialaniu\/#respond\">0<\/a><\/span><\/li><\/ul>\n    <\/div>\n    <div class=\"clear\"><\/div>                    <\/div>\n                <\/div>\n\n            \n            <div class=\"gyan-post-content-block gyan-ease-transition\">\n                <div class=\"gyan-post-title-section\">\n\n                        <div class=\"gyan-post-grid-content\">\n\n                            <div class=\"gyan-post-title\">\n                                <h2><a href=\"https:\/\/zspilica.pl\/index.php\/2022\/07\/24\/slaska-mlodziez-solidarna-w-dzialaniu\/\">\u015al\u0105ska M\u0142odzie\u017c Solidarna w Dzia\u0142aniu                                <\/a><\/h2>\n                            <\/div>\n\n                            \n                            \n                                <div class=\"gyan-post-list-excerpt\">\n                                    Projekt \u201e\u015al\u0105ska M\u0142odzie\u017c Solidarna w Dzia\u0142aniu\u201d&nbsp; &#8211; projekt rozwoju kompetencji                                <\/div>\n\n                            \n                            <div class=\"gyan-post-grid-c-button gyan-ease-transition\">\n                                <a href=\"https:\/\/zspilica.pl\/index.php\/2022\/07\/24\/slaska-mlodziez-solidarna-w-dzialaniu\/\"><span><\/span><\/a>\n                            <\/div>\n\n                            \n                            <div class=\"clear\"><\/div>\n\n                        <\/div>\n\n                <\/div>\n                <div class=\"clear\"><\/div>\n            <\/div>\n            <div class=\"clear\"><\/div>\n        <\/div>\n\n    <\/div> <!-- gyan-post-grid-item-inner -->\n<\/div> <!-- gyan-post-grid-item -->\n\n<div class=\"clear\"><\/div>\n<div class=\"gyan-post-grid-item gyan-grid-item-wrap cat-25\">\n    <div class=\"gyan-post-grid-item-inner gyan-grid-item\">\n\n        <div class=\"gyan-post-grid-item-holder gyan-ease-transition \">\n\n            \n                <div class=\"gyan-post-image\">\n\n                    <div class=\"gyan-post-grid-format\"><a href=\"https:\/\/zspilica.pl\/index.php\/2022\/07\/23\/poczytajmy\/\" class=\"gyan-post-grid-image gyan-ease-transition\"><img loading=\"lazy\" decoding=\"async\" width=\"1915\" height=\"2560\" src=\"https:\/\/zspilica.pl\/wp-content\/uploads\/2022\/07\/2-scaled.jpg\" class=\"gyan-ease-transition\" alt=\"\" \/><\/a><div class=\"gyan-post-grid-meta gyan-ease-transition\">\n        <ul><li><span class=\"gyan-love \" data-id=\"3781\"><i class=\"fas fa-heart fas-regular\"><\/i><i class=\"fas fa-heart\"><\/i><span class=\"gyan-like-number\">0<\/span><\/span><\/li><li><span class=\"gyan-postmeta-icon\"><i class=\"fas fa-eye\"><\/i><\/span><span class=\"gyan-postmeta-text\">0<\/span><\/li><li><span class=\"gyan-postmeta-icon\"><i class=\"fas fa-comment-dots\"><\/i><\/span><span class=\"gyan-postmeta-text\"><a href=\"https:\/\/zspilica.pl\/index.php\/2022\/07\/23\/poczytajmy\/#respond\">0<\/a><\/span><\/li><\/ul>\n    <\/div>\n    <div class=\"clear\"><\/div>                    <\/div>\n                <\/div>\n\n            \n            <div class=\"gyan-post-content-block gyan-ease-transition\">\n                <div class=\"gyan-post-title-section\">\n\n                        <div class=\"gyan-post-grid-content\">\n\n                            <div class=\"gyan-post-title\">\n                                <h2><a href=\"https:\/\/zspilica.pl\/index.php\/2022\/07\/23\/poczytajmy\/\">PoczytajMy                                <\/a><\/h2>\n                            <\/div>\n\n                            \n                            \n                                <div class=\"gyan-post-list-excerpt\">\n                                    PoczytajMy&nbsp; to program edukacyjny CEO, wspieraj\u0105cy czytelnictwo. W szkole dzia\u0142a uczniowski klub                                <\/div>\n\n                            \n                            <div class=\"gyan-post-grid-c-button gyan-ease-transition\">\n                                <a href=\"https:\/\/zspilica.pl\/index.php\/2022\/07\/23\/poczytajmy\/\"><span><\/span><\/a>\n                            <\/div>\n\n                            \n                            <div class=\"clear\"><\/div>\n\n                        <\/div>\n\n                <\/div>\n                <div class=\"clear\"><\/div>\n            <\/div>\n            <div class=\"clear\"><\/div>\n        <\/div>\n\n    <\/div> <!-- gyan-post-grid-item-inner -->\n<\/div> <!-- gyan-post-grid-item -->\n\n<div class=\"clear\"><\/div>            <\/div><div class=\"clear\"><\/div>\n        <\/div>\n\n                      <div class=\"gyan-pagination-holder\"><\/div>\n        \n        \t\t<\/div>\n\t\t\t\t<\/div>\n\t\t\t\t\t<\/div>\n\t\t<\/div>\n\t\t\t\t\t\t\t<\/div>\n\t\t<\/section>\n\t\t\t\t\t\t<\/div>\n\t\t\t\t\t<\/div>\n\t\t","protected":false},"excerpt":{"rendered":"<p>0 0 0 eTwinning Od 2.09.2019r. po raz kolejny rozpocz\u0119li\u015bmy w naszej szkole realizacj\u0119 projektu &#8211; eTwinning. 0 0 0 Erasmus W latach 2017-2019 Zesp\u00f3\u0142 Szk\u00f3\u0142 w Pilicy bra\u0142 udzia\u0142 w mi\u0119dzynarodowym projekcie Erasmus Plus pod 0 0 0 Narodowy Program Rozwoju Czytelnictwa Narodowy Program Rozwoju Czytelnictwa to program wieloletni [&hellip;]<\/p>\n","protected":false},"author":3,"featured_media":0,"parent":0,"menu_order":0,"comment_status":"closed","ping_status":"closed","template":"","meta":{"ngg_post_thumbnail":0,"footnotes":""},"class_list":["post-3675","page","type-page","status-publish","hentry"],"_links":{"self":[{"href":"https:\/\/zspilica.pl\/index.php\/wp-json\/wp\/v2\/pages\/3675","targetHints":{"allow":["GET"]}}],"collection":[{"href":"https:\/\/zspilica.pl\/index.php\/wp-json\/wp\/v2\/pages"}],"about":[{"href":"https:\/\/zspilica.pl\/index.php\/wp-json\/wp\/v2\/types\/page"}],"author":[{"embeddable":true,"href":"https:\/\/zspilica.pl\/index.php\/wp-json\/wp\/v2\/users\/3"}],"replies":[{"embeddable":true,"href":"https:\/\/zspilica.pl\/index.php\/wp-json\/wp\/v2\/comments?post=3675"}],"version-history":[{"count":10,"href":"https:\/\/zspilica.pl\/index.php\/wp-json\/wp\/v2\/pages\/3675\/revisions"}],"predecessor-version":[{"id":5731,"href":"https:\/\/zspilica.pl\/index.php\/wp-json\/wp\/v2\/pages\/3675\/revisions\/5731"}],"wp:attachment":[{"href":"https:\/\/zspilica.pl\/index.php\/wp-json\/wp\/v2\/media?parent=3675"}],"curies":[{"name":"wp","href":"https:\/\/api.w.org\/{rel}","templated":true}]}}