{"id":3552,"date":"2022-07-05T06:06:22","date_gmt":"2022-07-05T06:06:22","guid":{"rendered":"https:\/\/zspilica.pl\/?page_id=3552"},"modified":"2026-04-13T12:48:08","modified_gmt":"2026-04-13T12:48:08","slug":"dokumenty","status":"publish","type":"page","link":"https:\/\/zspilica.pl\/index.php\/dokumenty\/","title":{"rendered":"Dokumenty"},"content":{"rendered":"<ul>\n<li style=\"list-style-type: none;\">\n<ul>\n<li><a href=\"https:\/\/zspilica.pl\/wp-content\/uploads\/2026\/02\/Program-prof-wych-25-26.pdf\">Program wychowawczo &#8211; profilaktyczny 2025 &#8211; 2026<\/a><\/li>\n<li><a href=\"https:\/\/zspilica.pl\/wp-content\/uploads\/2025\/11\/Ogloszenie-o-rekrutacji-uczniowie.pdf\">Rekrutacja do projektu &#8211; uczniowie<\/a><\/li>\n<li><a href=\"https:\/\/zspilica.pl\/wp-content\/uploads\/2025\/11\/Ogloszenie-o-rekrutacji-nauczyciele.pdf\">Rekrutacja do projektu &#8211; nauczyciele<\/a><\/li>\n<li><a href=\"https:\/\/zspilica.pl\/wp-content\/uploads\/2025\/07\/Zestaw-podrecznikow-20252026-.pdf\" target=\"_blank\" rel=\"noopener\">Szkolny zestaw podr\u0119cznik\u00f3w 2025 &#8211; 2026<\/a><\/li>\n<li><a href=\"https:\/\/zspilica.pl\/wp-content\/uploads\/2025\/02\/Zarzadzenie-w-sprawie-monitoringu.pdf\">Zarz\u0105dzenie w sprawie monitoringu<\/a><\/li>\n<li><a href=\"https:\/\/zspilica.pl\/wp-content\/uploads\/2025\/02\/uchwala_w_sprawie_zamiaru_przeksztalcenia_ppp_nr_2.pdf\">Uchwa\u0142a Rady Powiatu w sprawie przekszta\u0142cenia&nbsp; Poradni Psychologiczno-Pedagogicznej nr 1 w Zawierciu<\/a><\/li>\n<li><a href=\"https:\/\/zspilica.pl\/wp-content\/uploads\/2025\/11\/PLAN-SPOTKAN-Z-RODZICAMI.doc\">Plan spotka\u0144 z rodzicami w roku szkolnym 2025-2026<\/a><\/li>\n<li><a href=\"https:\/\/zspilica.pl\/wp-content\/uploads\/2024\/09\/STANDARDY_OCHRONY_MALOLETNICH.pdf\">Standardy ochrony ma\u0142oletnich<\/a><\/li>\n<li><a href=\"https:\/\/zspilica.pl\/wp-content\/uploads\/2025\/11\/Kalendarz-roku-szkolnego-2025.docx\">Kalendarz Roku Szkolnego 2025 -2026<\/a><\/li>\n<li><a href=\"https:\/\/zspilica.pl\/wp-content\/uploads\/2026\/02\/STATUT-ZS-PILICA-29.08.2025.pdf\" target=\"_blank\" rel=\"noopener\">Statut Liceum w Pilicy<\/a><\/li>\n<li><a href=\"http:\/\/www.zspilica.pl\/old\/DOKUMENTY\/Statut_ZS_2020.pdf\">Statut Zespo\u0142u Szk\u00f3\u0142 w Pilicy<\/a><\/li>\n<\/ul>\n<\/li>\n<\/ul>\n<p>&nbsp;<\/p>\n","protected":false},"excerpt":{"rendered":"<p>Program wychowawczo &#8211; profilaktyczny 2025 &#8211; 2026 Rekrutacja do projektu &#8211; uczniowie Rekrutacja do projektu &#8211; nauczyciele Szkolny zestaw podr\u0119cznik\u00f3w 2025 &#8211; 2026 Zarz\u0105dzenie w sprawie monitoringu Uchwa\u0142a Rady Powiatu w sprawie przekszta\u0142cenia&nbsp; Poradni Psychologiczno-Pedagogicznej nr 1 w Zawierciu Plan spotka\u0144 z rodzicami w roku szkolnym 2025-2026 Standardy ochrony ma\u0142oletnich [&hellip;]<\/p>\n","protected":false},"author":3,"featured_media":0,"parent":0,"menu_order":0,"comment_status":"closed","ping_status":"closed","template":"","meta":{"ngg_post_thumbnail":0,"footnotes":""},"class_list":["post-3552","page","type-page","status-publish","hentry"],"_links":{"self":[{"href":"https:\/\/zspilica.pl\/index.php\/wp-json\/wp\/v2\/pages\/3552","targetHints":{"allow":["GET"]}}],"collection":[{"href":"https:\/\/zspilica.pl\/index.php\/wp-json\/wp\/v2\/pages"}],"about":[{"href":"https:\/\/zspilica.pl\/index.php\/wp-json\/wp\/v2\/types\/page"}],"author":[{"embeddable":true,"href":"https:\/\/zspilica.pl\/index.php\/wp-json\/wp\/v2\/users\/3"}],"replies":[{"embeddable":true,"href":"https:\/\/zspilica.pl\/index.php\/wp-json\/wp\/v2\/comments?post=3552"}],"version-history":[{"count":64,"href":"https:\/\/zspilica.pl\/index.php\/wp-json\/wp\/v2\/pages\/3552\/revisions"}],"predecessor-version":[{"id":8906,"href":"https:\/\/zspilica.pl\/index.php\/wp-json\/wp\/v2\/pages\/3552\/revisions\/8906"}],"wp:attachment":[{"href":"https:\/\/zspilica.pl\/index.php\/wp-json\/wp\/v2\/media?parent=3552"}],"curies":[{"name":"wp","href":"https:\/\/api.w.org\/{rel}","templated":true}]}}