{"id":3550,"date":"2022-07-05T06:06:12","date_gmt":"2022-07-05T06:06:12","guid":{"rendered":"https:\/\/zspilica.pl\/?page_id=3550"},"modified":"2026-02-27T16:03:34","modified_gmt":"2026-02-27T16:03:34","slug":"kadra","status":"publish","type":"page","link":"https:\/\/zspilica.pl\/index.php\/kadra\/","title":{"rendered":"Kadra"},"content":{"rendered":"\t\t<div data-elementor-type=\"wp-page\" data-elementor-id=\"3550\" class=\"elementor elementor-3550\" data-elementor-settings=\"[]\">\n\t\t\t\t\t\t\t<div class=\"elementor-section-wrap\">\n\t\t\t\t\t\t\t<section class=\"elementor-section elementor-top-section elementor-element elementor-element-840779f elementor-section-boxed elementor-section-height-default elementor-section-height-default\" data-id=\"840779f\" data-element_type=\"section\">\n\t\t\t\t\t\t<div class=\"elementor-container elementor-column-gap-default\">\n\t\t\t\t\t<div class=\"elementor-column elementor-col-100 elementor-top-column elementor-element elementor-element-c103528\" data-id=\"c103528\" data-element_type=\"column\">\n\t\t\t<div class=\"elementor-widget-wrap elementor-element-populated\">\n\t\t\t\t\t\t\t\t<div class=\"elementor-element elementor-element-551d762 elementor-invisible elementor-widget elementor-widget-text-editor\" data-id=\"551d762\" data-element_type=\"widget\" data-settings=\"{&quot;_animation&quot;:&quot;fadeInUp&quot;}\" data-widget_type=\"text-editor.default\">\n\t\t\t\t<div class=\"elementor-widget-container\">\n\t\t\t<style>\/*! elementor - v3.5.6 - 28-02-2022 *\/\n.elementor-widget-text-editor.elementor-drop-cap-view-stacked .elementor-drop-cap{background-color:#818a91;color:#fff}.elementor-widget-text-editor.elementor-drop-cap-view-framed .elementor-drop-cap{color:#818a91;border:3px solid;background-color:transparent}.elementor-widget-text-editor:not(.elementor-drop-cap-view-default) .elementor-drop-cap{margin-top:8px}.elementor-widget-text-editor:not(.elementor-drop-cap-view-default) .elementor-drop-cap-letter{width:1em;height:1em}.elementor-widget-text-editor .elementor-drop-cap{float:left;text-align:center;line-height:1;font-size:50px}.elementor-widget-text-editor .elementor-drop-cap-letter{display:inline-block}<\/style>\t\t\t\t<h3 style=\"text-align: center;\"><big><strong><span style=\"color: #993366;\"><span style=\"font-size: 24pt;\"><small>Dyrektor<\/small><\/span><span style=\"font-size: 24pt;\"><small> Zespo\u0142u Szk\u00f3\u0142 w Pilicy<\/small><\/span><\/span><\/strong><small><br \/><strong><span style=\"font-size: 12pt;\">mgr Renata Kowalczyk<\/span><\/strong><\/small><\/big><big><small><\/small><\/big><\/h3><h3 style=\"text-align: center;\"><big><span style=\"font-size: 24pt;\"><small><span style=\"color: #00ccff;\"><strong>Zast\u0119pca Dyrektora<\/strong><\/span>\u00a0<\/small><\/span><small><br \/><strong><span style=\"font-size: 12pt;\">mgr Iwona Kura\u015b<\/span><\/strong><\/small><\/big><\/h3><p style=\"text-align: center;\">\u00a0<\/p>\t\t\t\t\t\t<\/div>\n\t\t\t\t<\/div>\n\t\t\t\t\t<\/div>\n\t\t<\/div>\n\t\t\t\t\t\t\t<\/div>\n\t\t<\/section>\n\t\t\t\t<section class=\"elementor-section elementor-top-section elementor-element elementor-element-ccf7a52 elementor-section-boxed elementor-section-height-default elementor-section-height-default\" data-id=\"ccf7a52\" data-element_type=\"section\">\n\t\t\t\t\t\t<div class=\"elementor-container elementor-column-gap-default\">\n\t\t\t\t\t<div class=\"elementor-column elementor-col-33 elementor-top-column elementor-element elementor-element-4bfe9c1\" data-id=\"4bfe9c1\" data-element_type=\"column\">\n\t\t\t<div class=\"elementor-widget-wrap elementor-element-populated\">\n\t\t\t\t\t\t\t\t<section class=\"elementor-section elementor-inner-section elementor-element elementor-element-e556f1e elementor-section-boxed elementor-section-height-default elementor-section-height-default\" data-id=\"e556f1e\" data-element_type=\"section\">\n\t\t\t\t\t\t<div class=\"elementor-container elementor-column-gap-default\">\n\t\t\t\t\t<div class=\"elementor-column elementor-col-50 elementor-inner-column elementor-element elementor-element-96d79f5\" data-id=\"96d79f5\" data-element_type=\"column\">\n\t\t\t<div class=\"elementor-widget-wrap\">\n\t\t\t\t\t\t\t\t\t<\/div>\n\t\t<\/div>\n\t\t\t\t<div class=\"elementor-column elementor-col-50 elementor-inner-column elementor-element elementor-element-f7e4d30\" data-id=\"f7e4d30\" data-element_type=\"column\">\n\t\t\t<div class=\"elementor-widget-wrap\">\n\t\t\t\t\t\t\t\t\t<\/div>\n\t\t<\/div>\n\t\t\t\t\t\t\t<\/div>\n\t\t<\/section>\n\t\t\t\t\t<\/div>\n\t\t<\/div>\n\t\t\t\t<div class=\"elementor-column elementor-col-33 elementor-top-column elementor-element elementor-element-e06474c\" data-id=\"e06474c\" data-element_type=\"column\">\n\t\t\t<div class=\"elementor-widget-wrap elementor-element-populated\">\n\t\t\t\t\t\t\t\t<div class=\"elementor-element elementor-element-d737afe elementor-invisible elementor-widget elementor-widget-text-editor\" data-id=\"d737afe\" data-element_type=\"widget\" data-settings=\"{&quot;_animation&quot;:&quot;zoomInUp&quot;}\" data-widget_type=\"text-editor.default\">\n\t\t\t\t<div class=\"elementor-widget-container\">\n\t\t\t\t\t\t\t<p>J\u0119zyk<strong> polski<\/strong><br \/>mgr Beata Stefa\u0144ska- Jajkiewicz<br \/>mgr Gra\u017cyna Stefaniak<\/p><p><strong>J\u0119zyk angielski<\/strong><br \/>mgr Karina Fryc<br \/>mgr Tomasz Dylkowski<\/p><p><strong>J\u0119zyk niemiecki<\/strong><br \/>mgr Aneta Wawrecka<\/p><p><strong>Matematyka<\/strong><br \/>mgr Ma\u0142gorzata Sularz<br \/>mgr El\u017cbieta Gryz<\/p><p><strong>Biologia<\/strong><br \/>mgr Ma\u0142gorzata Kabalska<br \/>mgr Lidia Goncerz<\/p><p><strong>Informatyka<\/strong><br \/>mgr Wojciech Ptak<\/p><p><strong>Wychowanie fizyczne<\/strong><br \/>mgr Mariusz Mendak<br \/>mgr El\u017cbieta Gaw\u0142owska<\/p><p><strong>Edukacja dla bezpiecze\u0144stwa<\/strong><br \/>mgr Jolanta Stanowska<\/p><p><strong>Historia<\/strong><br \/>mgr Dariusz Jaworski<br \/>mgr Piotr Aleksandrowicz<\/p><p><strong>Historia i tera\u017aniejszo\u015b\u0107<\/strong><br \/>mgr Piotr Aleksandrowicz<\/p><p><strong>Geografia<\/strong><br \/>mgr Dariusz Jaworski<\/p><p><strong>Chemia<\/strong><br \/>mgr Ma\u0142gorzata Kabalska<\/p><p><strong>Biznes i zarz\u0105dzanie<\/strong><br \/>mgr Ma\u0142gorzata Kabalska<\/p><p><b>Edukacja zdrowotna<\/b><br \/>mgr Mariusz Mendak<\/p><p><strong>Religia<\/strong><br \/>ks. mgr Pawe\u0142 Pa\u015b<\/p><p><strong>Plastyka<\/strong><br \/>mgr Iwona Kura\u015b<\/p><p><strong>Pedagog szkolny<\/strong><br \/>mgr Monika Czech<\/p><p><strong>Pedagog specjalny<\/strong><br \/>mgr\u00a0<span style=\"color: #000000; font-family: Aptos, Aptos_EmbeddedFont, Aptos_MSFontService, Calibri, Helvetica, sans-serif; font-size: 12pt;\">Patrycja Zaga\u0142a &#8211; Kajdan<\/span><\/p><p><!--StartFragment--><!--EndFragment--><\/p><p><strong>Psycholog<\/strong><br \/>mgr Wojciech Pa\u0142ac<\/p><p><strong>Biblioteka<\/strong><br \/>mgr Iwona Kura\u015b<\/p>\t\t\t\t\t\t<\/div>\n\t\t\t\t<\/div>\n\t\t\t\t\t<\/div>\n\t\t<\/div>\n\t\t\t\t<div class=\"elementor-column elementor-col-33 elementor-top-column elementor-element elementor-element-66e5859\" data-id=\"66e5859\" data-element_type=\"column\">\n\t\t\t<div class=\"elementor-widget-wrap\">\n\t\t\t\t\t\t\t\t\t<\/div>\n\t\t<\/div>\n\t\t\t\t\t\t\t<\/div>\n\t\t<\/section>\n\t\t\t\t\t\t<\/div>\n\t\t\t\t\t<\/div>\n\t\t","protected":false},"excerpt":{"rendered":"<p>Dyrektor Zespo\u0142u Szk\u00f3\u0142 w Pilicymgr Renata Kowalczyk Zast\u0119pca Dyrektora\u00a0mgr Iwona Kura\u015b \u00a0 J\u0119zyk polskimgr Beata Stefa\u0144ska- Jajkiewiczmgr Gra\u017cyna Stefaniak J\u0119zyk angielskimgr Karina Frycmgr Tomasz Dylkowski J\u0119zyk niemieckimgr Aneta Wawrecka Matematykamgr Ma\u0142gorzata Sularzmgr El\u017cbieta Gryz Biologiamgr Ma\u0142gorzata Kabalskamgr Lidia Goncerz Informatykamgr Wojciech Ptak Wychowanie fizycznemgr Mariusz Mendakmgr El\u017cbieta Gaw\u0142owska Edukacja dla [&hellip;]<\/p>\n","protected":false},"author":3,"featured_media":0,"parent":0,"menu_order":0,"comment_status":"closed","ping_status":"closed","template":"","meta":{"ngg_post_thumbnail":0,"footnotes":""},"class_list":["post-3550","page","type-page","status-publish","hentry"],"_links":{"self":[{"href":"https:\/\/zspilica.pl\/index.php\/wp-json\/wp\/v2\/pages\/3550","targetHints":{"allow":["GET"]}}],"collection":[{"href":"https:\/\/zspilica.pl\/index.php\/wp-json\/wp\/v2\/pages"}],"about":[{"href":"https:\/\/zspilica.pl\/index.php\/wp-json\/wp\/v2\/types\/page"}],"author":[{"embeddable":true,"href":"https:\/\/zspilica.pl\/index.php\/wp-json\/wp\/v2\/users\/3"}],"replies":[{"embeddable":true,"href":"https:\/\/zspilica.pl\/index.php\/wp-json\/wp\/v2\/comments?post=3550"}],"version-history":[{"count":98,"href":"https:\/\/zspilica.pl\/index.php\/wp-json\/wp\/v2\/pages\/3550\/revisions"}],"predecessor-version":[{"id":8479,"href":"https:\/\/zspilica.pl\/index.php\/wp-json\/wp\/v2\/pages\/3550\/revisions\/8479"}],"wp:attachment":[{"href":"https:\/\/zspilica.pl\/index.php\/wp-json\/wp\/v2\/media?parent=3550"}],"curies":[{"name":"wp","href":"https:\/\/api.w.org\/{rel}","templated":true}]}}